{"id":748,"date":"2015-06-22T06:11:33","date_gmt":"2015-06-22T06:11:33","guid":{"rendered":"https:\/\/demo.canarycompany.com\/es\/?page_id=748"},"modified":"2025-07-07T00:31:18","modified_gmt":"2025-07-06T23:31:18","slug":"alquiler-de-coches","status":"publish","type":"page","link":"https:\/\/canarycompany.com\/es\/servicios\/alquiler-de-coches\/","title":{"rendered":"Alquiler de Coches"},"content":{"rendered":"\n<h2 class=\"wp-block-heading\">Su llave para la libertad y la flexibilidad &#8211; Alquiler de coches Canarias<\/h2>\n\n\n\n<p>Al visitar las Islas Canarias, alquilar un coche no es solo conveniente, sino casi imprescindible. El archipi\u00e9lago ofrece paisajes espectaculares, playas escondidas, pueblos con encanto y miradores impresionantes que se disfrutan mejor con total libertad. El transporte p\u00fablico es limitado fuera de las zonas urbanas, por lo que un coche de alquiler le da la independencia para explorar sin restricciones.<\/p>\n\n\n\n<p>Ya sea que quiera descubrir los paisajes volc\u00e1nicos de <a href=\"https:\/\/canarycompany.com\/es\/destino\/lanzarote\/\">Lanzarote<\/a>, conducir por los acantilados de <a href=\"https:\/\/canarycompany.com\/es\/destino\/la-palma\/\">La Palma<\/a> o encontrar rincones secretos en <a href=\"https:\/\/canarycompany.com\/es\/destino\/fuerteventura\/\">Fuerteventura<\/a>, alquilar un coche en las Islas Canarias har\u00e1 que su viaje sea m\u00e1s flexible y relajado.<\/p>\n\n\n\n<p>En Canary Company, le ayudamos a encontrar la mejor opci\u00f3n de coche de alquiler seg\u00fan sus necesidades y su presupuesto. Desde coches peque\u00f1os y econ\u00f3micos para trayectos urbanos hasta SUVs espaciosos para viajes en familia: le asesoramos de forma personalizada y honesta.<\/p>\n\n\n\n<h2 class=\"wp-block-heading\">Ventajas del alquiler de coches Canarias para su viaje<\/h2>\n\n\n\n<ul>\n<li>Descubra lugares \u00fanicos fuera de las rutas tur\u00edsticas, a su propio ritmo<\/li>\n\n\n\n<li>Disfrute de total flexibilidad para cambiar de planes sobre la marcha<\/li>\n\n\n\n<li>Acceda a playas, senderos y pueblos que no tienen conexi\u00f3n en transporte p\u00fablico<\/li>\n\n\n\n<li>Ahorre tiempo y evite esperas en taxis o autobuses<\/li>\n<\/ul>\n\n\n\n<p><a href=\"https:\/\/canarycompany.com\/es\/contacto\/\">Cont\u00e1ctenos<\/a>. Estaremos encantados de asesorarle personalmente.<\/p>\n\n\n<div align=\"center\"><iframe src=\"https:\/\/widget.cicar.com\/extranet.dll\/iframe?param0=ES&amp;param1=70L-696-0606\" width=\"820\" height=\"600\" frameborder=\"0\" marginwidth=\"3\" marginheight=\"0\" scrolling=\"auto\" align=\"center\"><span data-mce-type=\"bookmark\" style=\"display: inline-block; width: 0px; overflow: hidden; line-height: 0;\" class=\"mce_SELRES_start\">\ufeff<\/span> <\/iframe><\/div>","protected":false},"excerpt":{"rendered":"<p>Su llave para la libertad y la flexibilidad &#8211; Alquiler de coches Canarias Al visitar las Islas Canarias, alquilar un coche no es solo conveniente, sino casi imprescindible. El archipi\u00e9lago ofrece paisajes espectaculares, playas escondidas, pueblos con encanto y miradores impresionantes que se disfrutan mejor con total libertad. El transporte p\u00fablico es limitado fuera de [&hellip;]<\/p>\n","protected":false},"author":1,"featured_media":0,"parent":1196,"menu_order":0,"comment_status":"open","ping_status":"open","template":"","meta":{"_acf_changed":false,"footnotes":""},"yst_prominent_words":[4834,4822,7589,7583],"acf":[],"_links":{"self":[{"href":"https:\/\/canarycompany.com\/es\/wp-json\/wp\/v2\/pages\/748"}],"collection":[{"href":"https:\/\/canarycompany.com\/es\/wp-json\/wp\/v2\/pages"}],"about":[{"href":"https:\/\/canarycompany.com\/es\/wp-json\/wp\/v2\/types\/page"}],"author":[{"embeddable":true,"href":"https:\/\/canarycompany.com\/es\/wp-json\/wp\/v2\/users\/1"}],"replies":[{"embeddable":true,"href":"https:\/\/canarycompany.com\/es\/wp-json\/wp\/v2\/comments?post=748"}],"version-history":[{"count":2,"href":"https:\/\/canarycompany.com\/es\/wp-json\/wp\/v2\/pages\/748\/revisions"}],"predecessor-version":[{"id":62084,"href":"https:\/\/canarycompany.com\/es\/wp-json\/wp\/v2\/pages\/748\/revisions\/62084"}],"up":[{"embeddable":true,"href":"https:\/\/canarycompany.com\/es\/wp-json\/wp\/v2\/pages\/1196"}],"wp:attachment":[{"href":"https:\/\/canarycompany.com\/es\/wp-json\/wp\/v2\/media?parent=748"}],"wp:term":[{"taxonomy":"yst_prominent_words","embeddable":true,"href":"https:\/\/canarycompany.com\/es\/wp-json\/wp\/v2\/yst_prominent_words?post=748"}],"curies":[{"name":"wp","href":"https:\/\/api.w.org\/{rel}","templated":true}]}}