{"id":37344,"date":"2019-12-16T13:50:16","date_gmt":"2019-12-16T13:50:16","guid":{"rendered":"https:\/\/demo.canarycompany.com\/?page_id=37344"},"modified":"2023-07-20T23:09:44","modified_gmt":"2023-07-20T23:09:44","slug":"politica-de-privacidad","status":"publish","type":"page","link":"https:\/\/canarycompany.com\/es\/politica-de-privacidad\/","title":{"rendered":"Pol\u00edtica de Privacidad"},"content":{"rendered":"\n<p>\u00daltima actualizaci\u00f3n del 01\/01\/2020<\/p>\n\n\n\n<p>La presente Pol\u00edtica de privacidad tiene por objeto informarle\ndetalladamente sobre el procesamiento que se har\u00e1 de sus datos personales.<\/p>\n\n\n\n<p><strong>1. Finalidad de la protecci\u00f3n de datos<\/strong><\/p>\n\n\n\n<p>Los datos relativos a las personas est\u00e1n sujetos a la protecci\u00f3n de datos.\nLos datos son personales cuando permiten identificar o hacen referencia a una\npersona.<\/p>\n\n\n\n<p><strong>2. Datos de acceso<\/strong><\/p>\n\n\n\n<p>Es posible utilizar nuestro sitio web sin proporcionar datos personales.\nCuando accede a nuestro sitio web, se almacena autom\u00e1ticamente un archivo de\nregistro del servidor que incluye, por ejemplo, las p\u00e1ginas de Internet\nvisitadas, direcci\u00f3n IP, fecha y hora de la visita, as\u00ed como el navegador y\nsistema operativo utilizados. Los datos recopilados \u00fanicamente sirven para\ngarantizar un buen funcionamiento y mejorar del sitio web.<\/p>\n\n\n\n<p><strong>3. Alojamiento de Internet<\/strong><\/p>\n\n\n\n<p>Como parte del procesamiento en nuestro nombre, un proveedor externo nos\nproporciona servicios de alojamiento y presentaci\u00f3n de sitios web. Todos los\ndatos recopilados en el contexto del uso de este sitio web o los formularios de\nla tienda en l\u00ednea se procesan en estos servidores. El procesamiento en otros\nservidores \u00fanicamente tiene lugar en el contexto aqu\u00ed expuesto. Dicho proveedor\nde servicios se encuentra en un pa\u00eds de la Uni\u00f3n Europea.<\/p>\n\n\n\n<p><strong>4. Recopilaci\u00f3n y uso de datos para el procesamiento de reservas<\/strong><\/p>\n\n\n\n<p>Recopilamos informaci\u00f3n personal si usted nos la proporciona al realizar\nuna reserva, ponerse en contacto con nosotros o registrarse para crear una\ncuenta de cliente. Los campos obligatorios est\u00e1n marcados como tales, ya que\nlos datos en estos casos son estrictamente necesarios para completar la\nreserva, ponerse en contacto con nosotros o crear una cuenta de cliente. En\ncaso de no rellenar los campos obligatorios, no se podr\u00e1 completar la reserva,\nenviar el formulario de contacto o crear la cuenta de cliente. Los datos\nrecopilados se pueden encontrar en los formularios correspondientes para la\nentrada de datos. Utilizamos la informaci\u00f3n que usted nos proporciona para\nprocesar su reserva y sus solicitudes. Una vez concluido el proceso, se\nrestringir\u00e1 cualquier procesamiento adicional de sus datos y sus datos se\neliminar\u00e1n una vez que finalice el per\u00edodo de retenci\u00f3n fiscal y comercial, a\nmenos que usted consienta expresamente un uso adicional de sus datos o nos\nnosotros nos reservemos el derecho de utilizar posteriormente sus datos, que\nest\u00e1 permitido por la ley y de lo cual le informamos en esta declaraci\u00f3n. Puede\neliminar su cuenta de cliente en cualquier momento. Para ello, puede enviar un\ncorreo electr\u00f3nico a&nbsp;<a href=\"&#x6d;ai&#x6c;to&#x3a;in&#x66;o&#64;&#x63;an&#x61;ry&#x63;&#111;m&#x70;&#97;n&#x79;&#46;c&#x6f;&#109;\">info&#64;&#99;&#x61;&#x6e;&#x61;&#x72;&#x79;comp&#97;&#110;&#x79;&#x2e;&#x63;&#x6f;&#x6d;<\/a>.<\/p>\n\n\n\n<p><strong>5. Transferencia de datos<\/strong><\/p>\n\n\n\n<p>Con objeto de formalizar el contrato transmitiremos sus datos, en la medida\nen que sea necesario, al<\/p>\n\n\n\n<p>propietario o administrador de la casa de vacaciones reservada. En funci\u00f3n\ndel proveedor de servicios de pago que usted haya elegido en el proceso de\nreserva, transmitiremos los datos de pago recopilados a la entidad de pago y a\nlos proveedores de servicios de pago encomendados por nosotros para procesar\nlos pagos o al servicio de pago seleccionado. En algunos casos, los proveedores\nde servicios de pago recopilan los datos de forma independiente, siempre y\ncuando usted haya creado una cuenta. En ese caso, debe iniciar sesi\u00f3n en el\nsitio web del proveedor de servicios de pago con sus datos de acceso durante el\nproceso de reserva. En esos casos, se aplica la pol\u00edtica de privacidad del\nproveedor de servicios de pago correspondiente.<\/p>\n\n\n\n<p><strong>6. Bolet\u00edn<\/strong><\/p>\n\n\n\n<p>Si se suscribe para recibir nuestro bolet\u00edn, utilizaremos los datos\nnecesarios o que usted nos proporcione para enviarle peri\u00f3dicamente nuestro\nbolet\u00edn por correo electr\u00f3nico bas\u00e1ndonos en su consentimiento. Puede cancelar\nsu suscripci\u00f3n al bolet\u00edn en cualquier momento y puede hacerlo enviando un\ncorreo electr\u00f3nico a&nbsp;<a href=\"m&#x61;&#x69;l&#116;&#x6f;&#x3a;i&#110;&#x66;o&#64;&#x63;&#x61;n&#97;&#x72;yc&#x6f;&#x6d;p&#97;&#x6e;&#x79;.&#x63;&#x6f;m\">&#x69;n&#x66;&#111;&#x40;&#x63;a&#x6e;&#97;&#x72;&#x79;c&#x6f;&#109;&#x70;&#x61;n&#x79;&#46;&#x63;&#x6f;m<\/a>&nbsp;o pinchando en\nel enlace destinado para ello presente en el mensaje del bolet\u00edn. Una vez haya\ncancelado su suscripci\u00f3n, eliminaremos su direcci\u00f3n de correo electr\u00f3nico a\nmenos que usted consienta expresamente un uso adicional de sus datos o nosotros\nnos reservemos el derecho a utilizar posteriormente sus datos, que est\u00e1\npermitido por la ley y de lo cual le informamos en esta declaraci\u00f3n.<\/p>\n\n\n\n<p><strong>7. Cookies<\/strong><\/p>\n\n\n\n<p>Las cookies son peque\u00f1os archivos de texto que se almacenan autom\u00e1ticamente en su dispositivo. Empleamos las llamadas cookies en diversas p\u00e1ginas para que visitar nuestra p\u00e1gina web sea una buena experiencia y para asegurar el correcto funcionamiento de ciertas funciones, para mostrar productos que se adec\u00faen o para investigaci\u00f3n de mercado.<br \/>Esto sirve para salvaguardar nuestros intereses leg\u00edtimos, que son predominantes en un contexto en el que haya que sopesar varios intereses, en una representaci\u00f3n optimizada de nuestra oferta.<br \/>Algunas de las cookies que empleamos se borran al terminar la sesi\u00f3n en el navegador, por ejemplo, tras cerrar el navegador (las denominadas cookies de sesi\u00f3n). Otras cookies permanecen en su dispositivo y nos permiten reconocer su navegador en su pr\u00f3xima visita (cookies persistentes). La duraci\u00f3n de su almacenamiento puede ser consultada en el resumen disponible en las opciones de cookies de su navegador web. Puede configurar su navegador de modo que sea informado sobre la configuraci\u00f3n de las cookies, para que as\u00ed pueda decidir si quiere aceptarlas o rechazarlas en cada caso. Cada navegador administra de forma diferente la configuraci\u00f3n de las cookies. Esto aparece en el men\u00fa de \u201cAyuda\u201d de cada navegador, donde se explica c\u00f3mo cambiar la configuraci\u00f3n de sus cookies. Estas configuraciones se pueden encontrar para cada navegador en los siguientes enlaces:<\/p>\n\n\n\n<p>Internet Explorer\u2122:&nbsp;<a rel=\"noreferrer noopener\" href=\"https:\/\/support.microsoft.com\/es-es\/help\/17442\/windows-internet-explorer-delete-manage-cookies\" target=\"_blank\">https:\/\/support.microsoft.com\/es-es\/help\/17442\/windows-internet-explorer-delete-manage-cookies<\/a><br \/>Safari\u2122:&nbsp;<a rel=\"noreferrer noopener\" href=\"https:\/\/support.apple.com\/es-es\/guide\/safari\/sfri11471\/mac\" target=\"_blank\">https:\/\/support.apple.com\/es-es\/guide\/safari\/sfri11471\/mac<\/a><br \/>Chrome\u2122:&nbsp;<a rel=\"noreferrer noopener\" href=\"https:\/\/support.google.com\/chrome\/answer\/95647?hl=es&amp;hlrm=en\" target=\"_blank\">https:\/\/support.google.com\/chrome\/answer\/95647?hl=es&amp;hlrm=en<\/a><br \/>Firefox\u2122:<a rel=\"noreferrer noopener\" href=\"https:\/\/support.mozilla.org\/es\/kb\/habilitar-y-deshabilitar-cookies-sitios-web-rastrear-preferencias\" target=\"_blank\">https:\/\/support.mozilla.org\/es\/kb\/habilitar-y-deshabilitar-cookies-sitios-web-rastrear-preferencias<\/a><br \/>Opera\u2122 (en ingl\u00e9s):&nbsp;<a rel=\"noreferrer noopener\" href=\"https:\/\/help.opera.com\/en\/latest\/web-preferences\/#cookies\" target=\"_blank\">https:\/\/help.opera.com\/en\/latest\/web-preferences\/#cookies<\/a><\/p>\n\n\n\n<p>Rechazar el uso de cookies puede limitar la funcionalidad de nuestro sitio\nweb.<\/p>\n\n\n\n<p><strong>8. Google Tools<\/strong><\/p>\n\n\n\n<p>Google LLC (1600 Amphitheater Parkway, Mountain View, CA 94043, USA) cumple\nel acuerdo marco de Escudo de la privacidad UE \u2013 EE. UU. El acuerdo actual se\npuede ver&nbsp;<a href=\"https:\/\/www.privacyshield.gov\/list\">aqu\u00ed<\/a>. Como resultado del acuerdo marco\nentre los EE. UU. y la Comisi\u00f3n Europea, esta \u00faltima ha establecido un nivel\nadecuado de protecci\u00f3n de datos para las empresas certificadas bajo el marco\ndel Escudo de la privacidad. Para obtener m\u00e1s informaci\u00f3n sobre el\nprocesamiento de datos por parte de Google, consulte&nbsp;<a href=\"https:\/\/policies.google.com\/privacy?hl=es\" target=\"_blank\" rel=\"noreferrer noopener\">https:\/\/policies.google.com\/privacy?hl=es<\/a>.<\/p>\n\n\n\n<p>Google Analytics<br \/>Para el an\u00e1lisis del sitio web, este sitio web utiliza Google Analytics, un servicio anal\u00edtico de web proporcionado por Google LLC. Esto sirve para salvaguardar nuestros intereses leg\u00edtimos, que son predominantes en un contexto en el que haya que sopesar varios intereses, en una representaci\u00f3n optimizada de nuestra oferta. Google (Universal) Analytics emplea m\u00e9todos que permiten a uno analizar el uso del sitio web, como por ejemplo las cookies. La informaci\u00f3n recogida de forma autom\u00e1tica sobre su uso de esta web se transmite por norma general a un servidor que Google tiene en EE. UU., donde queda almacenada. Con la activaci\u00f3n de la opci\u00f3n de anonimizaci\u00f3n de IP en este sitio web, la direcci\u00f3n IP ser\u00e1 acortada antes de transmitirla dentro de los estados miembros de la Uni\u00f3n Europea o en otros estados contratantes del Acuerdo sobre el Espacio Econ\u00f3mico Europeo. \u00danicamente en casos excepcionales se enviar\u00e1 la IP completa a un servidor de Google en EE. UU. y, una vez all\u00ed, ser\u00e1 acortada. La direcci\u00f3n IP anonimizada ofrecida por Google Analytics dentro del \u00e1mbito de Google Analytics no se mezclar\u00e1 por lo general con otros datos ofrecidos por Google. Una vez terminado el uso de Google Analytics y con su prop\u00f3sito realizado por nuestra parte, los datos que se hayan recogido en este contexto ser\u00e1n eliminados.<br \/> Puede evitar la recopilaci\u00f3n de datos generados por la cookie y relacionados con el uso del sitio web, as\u00ed como el procesamiento de estos datos a trav\u00e9s de Google mediante la descarga e instalaci\u00f3n del complemento de navegador disponible en el siguiente enlace:&nbsp;<a rel=\"noreferrer noopener\" href=\"https:\/\/tools.google.com\/dlpage\/gaoptout?hl=es\" target=\"_blank\">https:\/\/tools.google.com\/dlpage\/gaoptout?hl=es<\/a>.<\/p>\n\n\n\n<p>Google AdWords Remarketing<br \/>Google Adwords promociona esta web en los resultados de b\u00fasqueda de Google y en sitios web de terceros. Para este prop\u00f3sito, cuando visita nuestro sitio web, se activa una cookie de remarketing de Google, la cual activar\u00e1 autom\u00e1ticamente anuncios basados en sus intereses usando un seud\u00f3nimo y basado en las p\u00e1ginas que usted visita. Esto sirve para salvaguardar nuestros intereses leg\u00edtimos, que predominan en el contexto de una ponderaci\u00f3n de intereses, con el fin de optimizar la comercializaci\u00f3n de nuestro sitio web. Una vez que finalice el uso del remarketing de Google AdWords por nuestra parte, los datos recogidos en este contexto ser\u00e1n eliminados.<br \/>Cualquier procesamiento adicional s\u00f3lo tendr\u00e1 lugar si ha acordado con Google que su historial de navegaci\u00f3n por Internet y aplicaciones de Google se vincular\u00e1 a su cuenta de Google y que la informaci\u00f3n de su cuenta de Google se utilizar\u00e1 para personalizar los anuncios que vea en la web. Si ha iniciado sesi\u00f3n en Google durante su visita a nuestro sitio web, Google utilizar\u00e1 sus datos junto con los datos de Google Analytics para crear y definir listas de grupos destinatarios para una nueva comercializaci\u00f3n en todos los dispositivos. Con este fin, Google vincula temporalmente sus datos personales con los datos de Google Analytics para formar grupos objetivo.<br \/>Puede desactivar las cookies relativas a las preferencias de anuncios desde&nbsp;<a rel=\"noreferrer noopener\" href=\"https:\/\/adssettings.google.com\/authenticated?hl=es\" target=\"_blank\">este enlace<\/a>. Tambi\u00e9n puede ponerse en contacto con la&nbsp;<a rel=\"noreferrer noopener\" href=\"https:\/\/www.aboutads.info\/\" target=\"_blank\">Digital Advertising Alliance<\/a>&nbsp;(Alianza para la Publicidad Digital) para averiguar c\u00f3mo configurar las cookies y realizar los ajustes pertinentes.<\/p>\n\n\n\n<p>Google Maps<br \/>En nuestro sitio web utilizamos la integraci\u00f3n de Google Maps para mostrar la informaci\u00f3n geogr\u00e1fica de forma visual. Al usar Google Maps, Google transmitir\u00e1 o procesar\u00e1 datos relativos a uso de las funciones de Google Maps de los visitantes del sitio web, que pueden incluir, concretamente, la direcci\u00f3n IP y los datos de ubicaci\u00f3n. Nosotros no tenemos control alguno sobre el procesamiento de datos mencionado. Para desactivar el servicio de Google Maps y as\u00ed evitar la transferencia de datos a Google, desactive la funci\u00f3n JavaScript en su navegador. En ese caso, no se podr\u00e1 usar Google Maps o solo de manera limitada. Las Condiciones de Servicio de&nbsp;<a rel=\"noreferrer noopener\" href=\"https:\/\/www.google.com\/intl\/es_es\/help\/terms_maps\/\" target=\"_blank\">Google Maps<\/a>&nbsp;contienen informaci\u00f3n detallada relativa al servicio de mapas.<\/p>\n\n\n\n<p>Google reCAPTCHA<br \/>Para reconocer a los robots, proteger del spam y el uso indebido del formulario de nuestro sitio web, utilizamos Google reCAPTCHA en algunos formularios de nuestro sitio web. La informaci\u00f3n recopilada autom\u00e1ticamente sobre su uso de este sitio web, incluida su direcci\u00f3n IP, se transmite normalmente a un servidor de Google en los EE.UU. y se almacena all\u00ed. Puede impedir que Google recopile los datos generados por JavaScript o las cookies y relacionados con el uso que haga del sitio web que procese estos datos impidiendo la ejecuci\u00f3n de JavaScripts o la instalaci\u00f3n de cookies en la configuraci\u00f3n de su navegador. Tenga en cuenta que esto puede limitar la funcionalidad de nuestro sitio web para su uso.<\/p>\n\n\n\n<p>Google Fonts<br \/>Este sitio web utiliza \u00abGoogle Fonts\u00bb (tipos de escritura) para garantizar una presentaci\u00f3n de contenidos uniforme. Dentro de este marco, se establece una conexi\u00f3n entre el navegador que est\u00e1 utilizando y los servidores de Google. Como resultado, Google tiene conocimiento de que se accedi\u00f3 a nuestro sitio web a trav\u00e9s de su direcci\u00f3n IP.<\/p>\n\n\n\n<p><strong>9. Redes sociales<\/strong><\/p>\n\n\n\n<p>Nuestro sitio web contiene enlaces a redes sociales (Facebook, Instagram, Twitter, Google+, Pinterest). Estas redes sociales son operadas exclusivamente por terceros. Si sigue los enlaces, pueden recopilarse y almacenarse sus datos de forma autom\u00e1tica para fines de investigaci\u00f3n de mercado y promocionales. A partir de estos datos, los perfiles de uso se pueden crear bajo un seud\u00f3nimo. Se pueden usar, por ejemplo, para mostrarle anuncios personalizados dentro y fuera de las plataformas. Para este fin, se utilizar\u00e1n cookies en su dispositivo. Estas cookies almacenan informaci\u00f3n sobre el comportamiento y los intereses de los usuarios. Esto sirve para salvaguardar nuestros intereses leg\u00edtimos, que son predominantes en un contexto en el que haya que sopesar varios intereses, en una representaci\u00f3n optimizada de nuestra oferta y una comunicaci\u00f3n efectiva con los clientes y las partes interesadas.<br \/> Facebook cuenta con la certificaci\u00f3n del Escudo de la privacidad, que proporciona una garant\u00eda de cumplimentaci\u00f3n de la legislaci\u00f3n de privacidad europea.<br \/>Encontrar\u00e1 informaci\u00f3n detallada sobre el procesamiento y uso de los datos por parte de los proveedores en sus p\u00e1ginas, as\u00ed como la opci\u00f3n de ponerse en contacto y los derechos y opciones de protecci\u00f3n de privacidad relacionados, en particular las opciones de exclusi\u00f3n voluntaria, en la Pol\u00edtica de privacidad del proveedor que se encuentra a continuaci\u00f3n. Si a\u00fan necesita ayuda en este sentido, no dude en contactar con nosotros.<\/p>\n\n\n\n<p>Facebook:&nbsp;<a rel=\"noreferrer noopener\" href=\"https:\/\/www.facebook.com\/about\/privacy\/\" target=\"_blank\">https:\/\/www.facebook.com\/about\/privacy\/<\/a><br \/>El procesamiento de datos se lleva a cabo sobre la base de un acuerdo entre personas responsables conjuntamente, que puede ver aqu\u00ed:<br \/><a rel=\"noreferrer noopener\" href=\"https:\/\/www.facebook.com\/legal\/terms\/page_controller_addendum\" target=\"_blank\">https:\/\/www.facebook.com\/legal\/terms\/page_controller_addendum<\/a><\/p>\n\n\n\n<p>Instagram:&nbsp;<a href=\"https:\/\/help.instagram.com\/519522125107875\" target=\"_blank\" rel=\"noreferrer noopener\">https:\/\/help.instagram.com\/519522125107875<\/a><\/p>\n\n\n\n<p>Twitter: <a href=\"https:\/\/twitter.com\/de\/privacy\">https:\/\/twitter.com\/de\/privacy<\/a><\/p>\n\n\n\n<p>Pinterest: <a href=\"https:\/\/policy.pinterest.com\/en\/privacy-policy\">https:\/\/policy.pinterest.com\/en\/privacy-policy<\/a><\/p>\n\n\n\n<p>Exclusi\u00f3n (opt-out):<br \/>Facebook:&nbsp;<a rel=\"noreferrer noopener\" href=\"https:\/\/www.facebook.com\/settings?tab=ads\" target=\"_blank\">https:\/\/www.facebook.com\/settings?tab=ads<\/a><br \/>Instagram:&nbsp;<a rel=\"noreferrer noopener\" href=\"https:\/\/help.instagram.com\/519522125107875\" target=\"_blank\">https:\/\/help.instagram.com\/519522125107875<\/a><\/p>\n\n\n\n<p><strong>10. Env\u00edo por correo electr\u00f3nico de recordatorios de la reserva y para las\nvaloraciones<\/strong><\/p>\n\n\n\n<p>Utilizaremos su direcci\u00f3n de correo electr\u00f3nico para el recordatorio de la\nreserva y para recordarle que valore la casa de vacaciones reservada a trav\u00e9s\nde nuestro sistema de valoraciones.<\/p>\n\n\n\n<p><strong>11. Opciones de contacto y derechos<\/strong><\/p>\n\n\n\n<p>Como interesado, usted tiene los siguientes derechos:<\/p>\n\n\n\n<p>a. De acuerdo con el art. 15 RGPD, el derecho a exigir informaci\u00f3n sobre los datos personales procesados por nosotros en el \u00e1mbito especificado en el mismo.<br \/>b. De acuerdo con el art. 16 RGPD, el derecho a exigir sin demora la correcci\u00f3n parcial o total de los datos personales incorrectos almacenados por nosotros.<br \/>c. De acuerdo con el art. 17 RGPD, el derecho a exigir la eliminaci\u00f3n de sus datos personales almacenados por nosotros, a menos que haya un procesamiento posterior requerido para poder:<\/p>\n\n\n\n<ul><li>ejercer el derecho a la libertad de expresi\u00f3n e informaci\u00f3n;<\/li><li>cumplir una obligaci\u00f3n legal;<\/li><li>por razones de inter\u00e9s p\u00fablico o<\/li><li>afirmar, ejercer o defender demandas legales.<\/li><\/ul>\n\n\n\n<p>d. De acuerdo con el art. 18 RGPD, el derecho de exigir la restricci\u00f3n del\nprocesamiento de sus datos personales, en caso de que:<\/p>\n\n\n\n<ul><li>usted impugne la exactitud de sus datos;<\/li><li>el procesamiento sea ilegal, pero usted rechaza su eliminaci\u00f3n;<\/li><li>dejemos de necesitar sus datos, aunque usted los necesite a\u00fan para hacer valer, ejercer o defender demandas legales o,<\/li><li>de acuerdo con el art. 21 RGPD, usted objete al tratamiento de los datos.<\/li><\/ul>\n\n\n\n<p>e. De acuerdo con el art. 20 RGPD, el derecho a recibir los datos personales, que usted nos haya proporcionado, en un formato estructurado, com\u00fan y legible a m\u00e1quina o para solicitar la transferencia a otra persona responsable.<br \/>f. De acuerdo con el art. 77 RGPD, el derecho a presentar una reclamaci\u00f3n ante una autoridad de control. En general, puede ponerse en contacto con la autoridad de control de su lugar de residencia o trabajo habitual o con la sede de nuestra empresa.<\/p>\n\n\n\n<p>Estos derechos tambi\u00e9n han sido recientemente consagrados en la legislaci\u00f3n\nespa\u00f1ola por la Ley de Protecci\u00f3n de Datos 3\/2018 del 5 de diciembre de 2018,\ncuyas normas tambi\u00e9n se aplican.<\/p>\n\n\n\n<p>Si tiene alguna pregunta relativa a la recopilaci\u00f3n, procesamiento o uso de\nsus datos personales, as\u00ed como si quiere informarse acerca de dichos datos en\neste sentido, rectificarlos, bloquearlos o eliminarlos, o revocar el\nconsentimiento otorgado u objetar a un uso determinado de los datos, p\u00f3ngase\ndirectamente en contacto con:<\/p>\n\n\n\n<p>Responsable del procesamiento de datos:<br \/>Hannes Maximilian Jacobius<br \/>Barranco San Vicente, Pista Quintero 42 A<br \/>38700 Santa Cruz de La Palma<br \/>NIF: Y4878276J<br \/>I-0004575.1<br \/><a href=\"mailto:in&#102;&#111;&#64;&#99;&#x61;&#x6e;&#x61;&#x72;&#x79;&#x63;&#x6f;&#x6d;&#x70;&#x61;&#x6e;&#x79;.com\">i&#x6e;&#x66;o&#64;&#x63;a&#110;&#x61;&#x72;y&#x63;&#x6f;m&#112;&#x61;n&#121;&#x2e;&#x63;o&#x6d;<\/a><\/p>\n\n\n\n<p>Derecho de revocaci\u00f3n<\/p>\n\n\n\n<p>En la medida en que procesamos los datos personales como se explic\u00f3 anteriormente para salvaguardar nuestros intereses leg\u00edtimos, que son predominantes como parte de una ponderaci\u00f3n de intereses, puede objetar a este procesamiento con efecto para el futuro. Si el procesamiento se realiza con fines de marketing directo, podr\u00e1 ejercer este derecho en cualquier momento tal y como se describe anteriormente. En la medida en que el procesamiento tenga lugar para otros fines, usted tiene el derecho de objeci\u00f3n \u00fanicamente si hubiera razones derivadas de su situaci\u00f3n particular.<br \/>Despu\u00e9s de ejercer su derecho a objetar, no continuaremos procesando sus datos personales para estos fines, a menos que podamos demostrar motivos leg\u00edtimos convincentes para el procesamiento que superen sus intereses, derechos y libertades, o si el procesamiento sirve para hacer valer, ejercer o defender reclamaciones legales.<br \/>Esto no se aplica si el procesamiento es para fines de marketing directo. Entonces no procesaremos sus datos personales para este prop\u00f3sito.<\/p>\n\n\n\n<p><a href=\"https:\/\/shop.trustedshops.com\/de\/rechtstexte\/\" target=\"_blank\" rel=\"noreferrer noopener\">Pol\u00edtica de privacidad<\/a>&nbsp;elaborada con\nlos&nbsp;<a href=\"https:\/\/shop.trustedshops.com\/es\" target=\"_blank\" rel=\"noreferrer noopener\">Trusted Shops<\/a>&nbsp;textos jur\u00eddicos en colaboraci\u00f3n con&nbsp;<a href=\"https:\/\/www.wbs-law.de\/eng\/\" target=\"_blank\" rel=\"noreferrer noopener\">los abogados de Wilde Beuger Solmecke<\/a><\/p>\n","protected":false},"excerpt":{"rendered":"<p>\u00daltima actualizaci\u00f3n del 01\/01\/2020 La presente Pol\u00edtica de privacidad tiene por objeto informarle detalladamente sobre el procesamiento que se har\u00e1 de sus datos personales. 1. Finalidad de la protecci\u00f3n de datos Los datos relativos a las personas est\u00e1n sujetos a la protecci\u00f3n de datos. Los datos son personales cuando permiten identificar o hacen referencia a [&hellip;]<\/p>\n","protected":false},"author":526,"featured_media":0,"parent":0,"menu_order":0,"comment_status":"closed","ping_status":"closed","template":"","meta":{"_acf_changed":false,"footnotes":""},"yst_prominent_words":[],"acf":[],"_links":{"self":[{"href":"https:\/\/canarycompany.com\/es\/wp-json\/wp\/v2\/pages\/37344"}],"collection":[{"href":"https:\/\/canarycompany.com\/es\/wp-json\/wp\/v2\/pages"}],"about":[{"href":"https:\/\/canarycompany.com\/es\/wp-json\/wp\/v2\/types\/page"}],"author":[{"embeddable":true,"href":"https:\/\/canarycompany.com\/es\/wp-json\/wp\/v2\/users\/526"}],"replies":[{"embeddable":true,"href":"https:\/\/canarycompany.com\/es\/wp-json\/wp\/v2\/comments?post=37344"}],"version-history":[{"count":0,"href":"https:\/\/canarycompany.com\/es\/wp-json\/wp\/v2\/pages\/37344\/revisions"}],"wp:attachment":[{"href":"https:\/\/canarycompany.com\/es\/wp-json\/wp\/v2\/media?parent=37344"}],"wp:term":[{"taxonomy":"yst_prominent_words","embeddable":true,"href":"https:\/\/canarycompany.com\/es\/wp-json\/wp\/v2\/yst_prominent_words?post=37344"}],"curies":[{"name":"wp","href":"https:\/\/api.w.org\/{rel}","templated":true}]}}