{"id":1352,"date":"2015-08-13T09:17:13","date_gmt":"2015-08-13T09:17:13","guid":{"rendered":"https:\/\/demo.canarycompany.com\/es\/?page_id=1352"},"modified":"2023-07-20T23:13:44","modified_gmt":"2023-07-20T23:13:44","slug":"aviso-legal","status":"publish","type":"page","link":"https:\/\/canarycompany.com\/es\/aviso-legal\/","title":{"rendered":"Aviso Legal"},"content":{"rendered":"<p style=\"text-align: left;\"><strong>Direcci\u00f3n: <\/strong><br \/>\nCanaryCompany<br \/>\nHannes Maximilian Jacobius<br \/>\nNIF: Y4878276J<br \/>\nI-0004575.1<br \/>\nBarranco San Vicente, Pista Quintero 42 A<br \/>\n38700 Santa Cruz de La Palma<br \/>\nEspa\u00f1a<\/p>\n<p><b>Contacto:<\/b><br \/>\nEmail: &#x69;&#x6e;&#x66;&#x6f;&#64;&#99;anary&#x63;&#x6f;&#x6d;&#x70;&#x61;&#110;y.com<br \/>\nTel\u00e9fono: +34 633 427 967<\/p>\n<p id=\"tw-target-text\" class=\"tw-data-text tw-ta tw-text-small\" dir=\"ltr\" data-placeholder=\"\u00dcbersetzung\"><strong><span lang=\"es\">Idea, fotos, r\u00e9plicas de edici\u00f3n de fotos, concepto, editorial, dise\u00f1o:<br \/>\n<\/span><\/strong><a href=\"http:\/\/my-hexagon.com\/\" target=\"_blank\" rel=\"noopener noreferrer\"><span lang=\"es\">http:\/\/my-hexagon.com\/<\/span><\/a><\/p>\n<p><strong>Dise\u00f1o p\u00e1gina de inicio:<\/strong><br \/>\n<a href=\"http:\/\/my-hexagon.com\/\">http:\/\/my-hexagon.com\/<\/a><\/p>\n<p><strong><span lang=\"de-DE\">Derechos:<br \/>\n<\/span><\/strong><span lang=\"de-DE\">Todos los derechos reservados.<\/span> <span lang=\"de-DE\">Los derechos de autor de este sitio web son propiedad exclusiva de Hannes Maximilian Jacobius. <\/span> <span lang=\"de-DE\">En todas las p\u00e1ginas web, incluidos el dise\u00f1o, el c\u00f3digo fuente, el software y sus contenidos, Hannes Maximilian Jacobius posee los derechos de autor y otros derechos de protecci\u00f3n. Los motivos de la imagen no se pueden utilizar con fines comerciales. Si desea utilizar im\u00e1genes del sitio web para fines privados, p\u00f3ngase en contacto con el webmaster: &#x69;&#x6e;&#x66;&#x6f;&#x40;&#x63;&#x61;&#x6e;&#x61;&#x72;&#x79;&#x63;&#x6f;&#x6d;&#x70;&#x61;&#x6e;&#x79;&#x2e;&#x63;&#x6f;&#x6d;. Los cambios gr\u00e1ficos no est\u00e1n permitidos. Los derechos de autor y las marcas no se pueden cambiar ni eliminar.\u00a0 \u00a0 \u00a0 \u00a0 \u00a0 \u00a0 \u00a0 \u00a0 \u00a0 \u00a0 \u00a0 \u00a0 \u00a0 \u00a0 \u00a0 <\/span><\/p>\n<p><span lang=\"de-DE\">Todo el contenido provisto aqu\u00ed solo puede ser utilizado para fines privados. Estas p\u00e1ginas y documentos no pueden ser utilizados comercialmente. Cualquier texto, copia e imagen debe contener esta declaraci\u00f3n de derechos de autor. <\/span><\/p>\n<p><span lang=\"de-DE\">La configuraci\u00f3n de un hiperv\u00ednculo desde otros sitios web a cualquiera de los sitios web asociados con este servicio en l\u00ednea solo se permite con el consentimiento del webmaster. En particular, es inadmisible integrar o mostrar los sitios web que pertenecen a esta oferta en l\u00ednea o sus contenidos a trav\u00e9s de un hiperv\u00ednculo en una ventana secundaria de otras ofertas en l\u00ednea. <\/span><\/p>\n<p class=\"western\"><strong><span lang=\"de-DE\">Responsabilidad:<br \/>\n<\/span><\/strong><span lang=\"de-DE\">A pesar del control cuidadoso del contenido, no se acepta responsabilidad por el contenido de los enlaces externos. El contenido de las p\u00e1ginas vinculadas es responsabilidad exclusiva de sus operadores. No hay responsabilidad por la puntualidad, exactitud o integridad de la informaci\u00f3n publicada en el sitio web. Esto se refiere a cualquier da\u00f1o de naturaleza material o inmaterial de terceros, que fue causado por el uso de este sitio web.<\/span><\/p>\n","protected":false},"excerpt":{"rendered":"<p>Direcci\u00f3n: CanaryCompany Hannes Maximilian Jacobius NIF: Y4878276J I-0004575.1 Barranco San Vicente, Pista Quintero 42 A 38700 Santa Cruz de La Palma Espa\u00f1a Contacto: Email: i&#110;&#x66;&#x6f;&#64;c&#97;&#x6e;&#x61;r&#121;&#x63;&#x6f;mp&#97;&#x6e;&#x79;.&#99;&#x6f;&#x6d; Tel\u00e9fono: +34 633 427 967 Idea, fotos, r\u00e9plicas de edici\u00f3n de fotos, concepto, editorial, dise\u00f1o: http:\/\/my-hexagon.com\/ Dise\u00f1o p\u00e1gina de inicio: http:\/\/my-hexagon.com\/ Derechos: Todos los derechos reservados. Los derechos de autor [&hellip;]<\/p>\n","protected":false},"author":1,"featured_media":0,"parent":0,"menu_order":0,"comment_status":"open","ping_status":"open","template":"","meta":{"_acf_changed":false,"footnotes":""},"yst_prominent_words":[4768,4762,4760,4756,4764,4759,4755,4757,4766,4761,4749,4748,4767,4758,4753,4754,4765,4750,4763,4769],"acf":[],"_links":{"self":[{"href":"https:\/\/canarycompany.com\/es\/wp-json\/wp\/v2\/pages\/1352"}],"collection":[{"href":"https:\/\/canarycompany.com\/es\/wp-json\/wp\/v2\/pages"}],"about":[{"href":"https:\/\/canarycompany.com\/es\/wp-json\/wp\/v2\/types\/page"}],"author":[{"embeddable":true,"href":"https:\/\/canarycompany.com\/es\/wp-json\/wp\/v2\/users\/1"}],"replies":[{"embeddable":true,"href":"https:\/\/canarycompany.com\/es\/wp-json\/wp\/v2\/comments?post=1352"}],"version-history":[{"count":0,"href":"https:\/\/canarycompany.com\/es\/wp-json\/wp\/v2\/pages\/1352\/revisions"}],"wp:attachment":[{"href":"https:\/\/canarycompany.com\/es\/wp-json\/wp\/v2\/media?parent=1352"}],"wp:term":[{"taxonomy":"yst_prominent_words","embeddable":true,"href":"https:\/\/canarycompany.com\/es\/wp-json\/wp\/v2\/yst_prominent_words?post=1352"}],"curies":[{"name":"wp","href":"https:\/\/api.w.org\/{rel}","templated":true}]}}