{"id":1340,"date":"2015-08-13T09:14:06","date_gmt":"2015-08-13T09:14:06","guid":{"rendered":"https:\/\/demo.canarycompany.com\/es\/?page_id=1340"},"modified":"2020-12-10T11:28:17","modified_gmt":"2020-12-10T11:28:17","slug":"condiciones-generales","status":"publish","type":"page","link":"https:\/\/canarycompany.com\/es\/condiciones-generales\/","title":{"rendered":"Condiciones Generales"},"content":{"rendered":"<p><strong>1. Sobre el contrato \/ Reserva y Confirmaci\u00f3n<\/strong><\/p>\n<p>Usted recibir\u00e1 una confirmaci\u00f3n por escrito de CanaryCompany por correo electr\u00f3nico que su propiedad de alquiler en el periodo solicitado est\u00e1 a\u00fan disponible. Esta llamada reserva es v\u00e1lida para un m\u00e1ximo de 3 d\u00edas. Dentro de estos 3 d\u00edas, la reserva ser\u00e1 confirmada o cancelada por usted. La cancelaci\u00f3n de la misma no supone costo alguno.<\/p>\n<p>En caso de confirmaci\u00f3n de reserva, usted recibe de parte de CanaryCompany la confirmaci\u00f3n con un contrato de alquiler.<\/p>\n<p>Despu\u00e9s del env\u00edo del contrato de alquiler se debe abonar de inmediato un dep\u00f3sito (no reembolsable) del 10 % &#8211; 50% del precio del alquiler. El porcentaje depende de las diferentes pol\u00edticas financieras de las respectivas casas vacacionales.<\/p>\n<p>Con pago del dep\u00f3sito usted acepta nuestras condiciones generales y el contrato de alquiler es firme.<\/p>\n<p>El saldo restante se pagar\u00e1 en efectivo a la llegada o no m\u00e1s tarde de 4 semanas antes de la llegada por transferencia bancaria. En caso de reservas a \u00faltima hora o con llegada prevista en las pr\u00f3ximas 4 semanas se requiere el abono del 100 %.<\/p>\n<p>\u00a1S\u00d3LO DESPU\u00c9S DEL RECIBO DE DEP\u00d3SITO LA RESERVA ES V\u00c1LIDA!<\/p>\n<p>El contrato s\u00f3lo tiene validez para el n\u00famero de personas que figuren en \u00e9l. Si en la propiedad alquilada se alojasen m\u00e1s personas de las que figuran en el contrato, se deber\u00e1 abonar la diferencia del resto de las personas que no figuran en el contrato. CanaryCompany tiene el derecho de cancelar la reserva, si el pago del dep\u00f3sito no se realiza en el periodo de tiempo estipulado.<\/p>\n<p><strong>2. Servicios<\/strong><\/p>\n<p>El servicio de CanaryCompany es el de intermediaci\u00f3n y presentaci\u00f3n de los alojamientos vacacionales ofrecidos por CanaryCompany. Todas las propiedades en alquiler son visitadas y elegidas por CanaryCompany. El servicio de CanaryCompany es exclusivamente de mediaci\u00f3n entre la propiedad y el cliente. El propietario \/ administrador es el responsable del cumplimiento de las prestaciones pactadas.<\/p>\n<p><strong>3. Garant\u00edas y reclamaciones <\/strong><\/p>\n<p>CanaryCompany garantiza que las propiedades a alquilar se han llevado a elecci\u00f3n con esmero y detalle, ofreciendo una detallada descripci\u00f3n de las mismas. Todo ello en base a los propios conocimientos y las informaciones de los propietarios o administradores. El cliente tiene la obligaci\u00f3n de informar a CanaryCompany sobre cualquier anomal\u00eda de la propiedad alquilada en un m\u00e1ximo de 24 horas, para poder acudir a un arreglo inmediato.<br \/>\nNo se considerar\u00e1 las reclamaciones posteriores!<br \/>\nEl inquilino es responsable de un trato cuidadoso. El coste por da\u00f1os causados por dolo o culpa, da\u00f1os a la propiedad de alquiler, el inquilino debe pagar en su totalidad. En muchas zonas de las Islas Canarias, as\u00ed como en el mar en general, puede haber \u00abhabitantes animales\u00bb en los alojamientos de alquiler que, si proceden de Europa Central, a menudo no est\u00e1n familiarizados o necesitan acostumbrarse a ellos. No podemos reconocer una deficiencia si ocurre una infestaci\u00f3n repentina. Esto se aplica a las ara\u00f1as, hormigas, salamanquesas, moscas, cucarachas (sobre todo directamente en el mar) y a las lombrices (Bichos Negros) que s\u00f3lo conocemos en La Palma y El Hierro.<\/p>\n<p><strong>4. Cancelaci\u00f3n o cambio de contrato <\/strong><\/p>\n<p>En caso de cancelaci\u00f3n se impondr\u00e1n los siguientes gastos: el 20 % del importe restante hasta 60 d\u00edas antes del comienzo de la estancia, el 40 % del importe restante entre 59 y 30 d\u00edas, el 80 % del importe restante entre 29 y 8 d\u00edas. El 100 % del importe restante para cancelaciones m\u00e1s tarde, el mismo d\u00eda de llegada o en caso de no presentarse. El pago del dep\u00f3sito no es reembolsable. La cancelaci\u00f3n debe efectuarse por escrito. Fecha de validez es la fecha de recepci\u00f3n.<br \/>\nCanaryCompany recomienda la contrataci\u00f3n de un seguro de cancelaci\u00f3n de viaje.<br \/>\nEl cliente tiene derecho a nombrar un sustituto en caso de cancelaci\u00f3n, haci\u00e9ndose cargo del arrendamiento existente en los t\u00e9rminos acordados. Un cambio en la duraci\u00f3n del alquiler o la propiedad s\u00f3lo puede ser hecha por la cancelaci\u00f3n del contrato de arrendamiento y la formalizaci\u00f3n de un nuevo contrato. Se aplican los gastos anteriormente mencionados.<br \/>\nReservas de \u00faltima hora o de oferta especial no se pueden cancelar o cambiar.<br \/>\nPor cada cambio de contrato o cancelaci\u00f3n se aplica el gasto de 50,00 \u20ac.<\/p>\n<p><strong>5. Lugar de cumplimiento de las obligaciones contractuales y jurisdicci\u00f3n competente <\/strong><\/p>\n<p>Reivindicaciones de indemnizaci\u00f3n por da\u00f1os y perjuicios deben ser dirigidas al propietario o al administrador; lugar de ejecuci\u00f3n de las obligaciones contractuales y jurisdicci\u00f3n competente es el lugar de residencia de los mismos.<\/p>\n","protected":false},"excerpt":{"rendered":"<p>1. Sobre el contrato \/ Reserva y Confirmaci\u00f3n Usted recibir\u00e1 una confirmaci\u00f3n por escrito de CanaryCompany por correo electr\u00f3nico que su propiedad de alquiler en el periodo solicitado est\u00e1 a\u00fan disponible. Esta llamada reserva es v\u00e1lida para un m\u00e1ximo de 3 d\u00edas. Dentro de estos 3 d\u00edas, la reserva ser\u00e1 confirmada o cancelada por usted. [&hellip;]<\/p>\n","protected":false},"author":1,"featured_media":0,"parent":0,"menu_order":0,"comment_status":"open","ping_status":"open","template":"","meta":{"_acf_changed":false,"footnotes":""},"yst_prominent_words":[4832,4837,4834,4822,4829,4819,6995,6996,4825,4826,4818,4817,4828,4824,4830,4820,4831,4821,4838,4827],"acf":[],"_links":{"self":[{"href":"https:\/\/canarycompany.com\/es\/wp-json\/wp\/v2\/pages\/1340"}],"collection":[{"href":"https:\/\/canarycompany.com\/es\/wp-json\/wp\/v2\/pages"}],"about":[{"href":"https:\/\/canarycompany.com\/es\/wp-json\/wp\/v2\/types\/page"}],"author":[{"embeddable":true,"href":"https:\/\/canarycompany.com\/es\/wp-json\/wp\/v2\/users\/1"}],"replies":[{"embeddable":true,"href":"https:\/\/canarycompany.com\/es\/wp-json\/wp\/v2\/comments?post=1340"}],"version-history":[{"count":0,"href":"https:\/\/canarycompany.com\/es\/wp-json\/wp\/v2\/pages\/1340\/revisions"}],"wp:attachment":[{"href":"https:\/\/canarycompany.com\/es\/wp-json\/wp\/v2\/media?parent=1340"}],"wp:term":[{"taxonomy":"yst_prominent_words","embeddable":true,"href":"https:\/\/canarycompany.com\/es\/wp-json\/wp\/v2\/yst_prominent_words?post=1340"}],"curies":[{"name":"wp","href":"https:\/\/api.w.org\/{rel}","templated":true}]}}