{"id":1204,"date":"2015-08-12T15:27:03","date_gmt":"2015-08-12T15:27:03","guid":{"rendered":"https:\/\/demo.canarycompany.com\/es\/?page_id=1204"},"modified":"2025-07-06T23:47:50","modified_gmt":"2025-07-06T22:47:50","slug":"contacto","status":"publish","type":"page","link":"https:\/\/canarycompany.com\/es\/contacto\/","title":{"rendered":"Contacto"},"content":{"rendered":"\n<h2 class=\"wp-block-heading\">P\u00f3ngase en contacto con nosotros &#8211; \u00a1Nos encantar\u00eda saber de usted!<\/h2>\n\n\n\n<p>Hola, somos Franzi y Hannes, las personas detr\u00e1s de Canary Company. Vivimos y trabajamos en la hermosa isla de La Palma y ayudamos a viajeros de todo el mundo a encontrar la casa rural perfecta en las Islas Canarias.<\/p>\n\n\n\n<p>\u00bfSue\u00f1a con una <a href=\"https:\/\/canarycompany.com\/es\/casas-rurales-la-palma\/\">casa rural en La Palma<\/a> o con una <a href=\"https:\/\/canarycompany.com\/es\/casas-rurales-lanzarote\/\">villa de lujo en Lanzarote<\/a>? \u00bfO tal vez una <a href=\"https:\/\/canarycompany.com\/es\/casas-rurales-fuerteventura\/\">villa frente al mar en Fuerteventura<\/a>? Estaremos encantados de ayudarle a encontrar un lugar que se sienta como su segundo hogar.<\/p>\n\n\n\n<p>Conocemos personalmente cada una de las casas que ofrecemos y mantenemos una estrecha relaci\u00f3n con los anfitriones y proveedores locales. Ya sea que busque una escapada rom\u00e1ntica, un lugar tranquilo para trabajar a distancia o unas vacaciones familiares, estamos aqu\u00ed para ofrecerle asesoramiento honesto y conocimiento local.<\/p>\n\n\n\n<p>Utilice nuestro formulario de contacto, env\u00edenos un correo electr\u00f3nico o simplemente d\u00edganos hola. Siempre nos alegra conectar con usted.<\/p>\n\n\n\n<p>\u00a1Planifiquemos juntos su tiempo perfecto en las islas!<\/p>\n","protected":false},"excerpt":{"rendered":"<p>P\u00f3ngase en contacto con nosotros &#8211; \u00a1Nos encantar\u00eda saber de usted! Hola, somos Franzi y Hannes, las personas detr\u00e1s de Canary Company. Vivimos y trabajamos en la hermosa isla de La Palma y ayudamos a viajeros de todo el mundo a encontrar la casa rural perfecta en las Islas Canarias. \u00bfSue\u00f1a con una casa rural [&hellip;]<\/p>\n","protected":false},"author":1,"featured_media":61133,"parent":0,"menu_order":0,"comment_status":"open","ping_status":"open","template":"page-contact.php","meta":{"_acf_changed":false,"footnotes":""},"yst_prominent_words":[6056,5174,5315,4639,5178,4687,5504,4643,4655,4701,7589,4691,4690,5176,4693],"acf":[],"_links":{"self":[{"href":"https:\/\/canarycompany.com\/es\/wp-json\/wp\/v2\/pages\/1204"}],"collection":[{"href":"https:\/\/canarycompany.com\/es\/wp-json\/wp\/v2\/pages"}],"about":[{"href":"https:\/\/canarycompany.com\/es\/wp-json\/wp\/v2\/types\/page"}],"author":[{"embeddable":true,"href":"https:\/\/canarycompany.com\/es\/wp-json\/wp\/v2\/users\/1"}],"replies":[{"embeddable":true,"href":"https:\/\/canarycompany.com\/es\/wp-json\/wp\/v2\/comments?post=1204"}],"version-history":[{"count":4,"href":"https:\/\/canarycompany.com\/es\/wp-json\/wp\/v2\/pages\/1204\/revisions"}],"predecessor-version":[{"id":62074,"href":"https:\/\/canarycompany.com\/es\/wp-json\/wp\/v2\/pages\/1204\/revisions\/62074"}],"wp:featuredmedia":[{"embeddable":true,"href":"https:\/\/canarycompany.com\/es\/wp-json\/wp\/v2\/media\/61133"}],"wp:attachment":[{"href":"https:\/\/canarycompany.com\/es\/wp-json\/wp\/v2\/media?parent=1204"}],"wp:term":[{"taxonomy":"yst_prominent_words","embeddable":true,"href":"https:\/\/canarycompany.com\/es\/wp-json\/wp\/v2\/yst_prominent_words?post=1204"}],"curies":[{"name":"wp","href":"https:\/\/api.w.org\/{rel}","templated":true}]}}