{"id":1200,"date":"2015-08-12T15:25:27","date_gmt":"2015-08-12T15:25:27","guid":{"rendered":"https:\/\/demo.canarycompany.com\/es\/?page_id=1200"},"modified":"2025-08-26T21:16:30","modified_gmt":"2025-08-26T20:16:30","slug":"sobre-nosotros","status":"publish","type":"page","link":"https:\/\/canarycompany.com\/es\/sobre-nosotros\/","title":{"rendered":"Sobre Nosotros"},"content":{"rendered":"<p>Bienvenidos!<\/p>\n<p>Somos una empresa canaria, una familia viajera que ha decidido quedarse en La Palma. Hacemos todo lo posible para que te enamores de la isla &#8211; como nosotros lo hicimos una vez.<\/p>\n<p>Hola, somos Franzi y Hannes y vivimos en las Islas Canarias, en La Palma. Ambos nacimos, crecimos y pasamos nuestros a\u00f1os j\u00f3venes en Alemania, pero nuestro esp\u00edritu nos empuj\u00f3 a explorar el mundo hasta encontrar este camino.<\/p>\n<p>Pasamos de Berl\u00edn, nuestra ciudad natal, a G\u00f6rlitz, nuestra ciudad universitaria. Posteriormente, ya con un grado de Gesti\u00f3n tur\u00edstica en mano, nos mudamos a Cottbus para dar nuestros primeros pasos en el mundo profesional en una peque\u00f1a agencia de viajes regional.<\/p>\n<p>Hemos estado visitando La Palma y nos ha sorprendido. Nos enamor\u00f3. Siendo la m\u00e1s verde de las Canarias nunca tuvo grandes \u00e1reas hoteleras ni un turismo masivo excesivo. Significaba que mucha gente ni siquiera se enterar\u00eda de ello. Pero la isla ten\u00eda docenas de hermosas casas, que algunos propietarios estar\u00edan dispuestos para alquilar por temporadas. Muchos estaban conformes a unirse &#8211; y as\u00ed sali\u00f3 este proyecto.<\/p>\n<p>Durante muchos a\u00f1os hemos ayudado a viajeros de todo el mundo con ideas afines a encontrar su segundo hogar en la isla, su gu\u00eda local, su cafeter\u00eda, su playa escondida.<\/p>\n<p>Perm\u00edtanos presentarles tambi\u00e9n a ustedes La Palma!<\/p>\n<p><img decoding=\"async\" class=\"aligncenter wp-image-61133\" src=\"https:\/\/canarycompany.com\/cdn-cgi\/image\/width=850,quality=75,format=auto\/wp-content\/uploads\/2015\/02\/Franziska-und-Hannes-Jacobius.jpg\" alt=\"Franziska y Hannes Jacobius, Canary Company\" width=\"500\" height=\"334\" srcset=\"https:\/\/canarycompany.com\/cdn-cgi\/image\/width=850,quality=75,format=auto\/wp-content\/uploads\/2015\/02\/Franziska-und-Hannes-Jacobius.jpg 850w, https:\/\/canarycompany.com\/cdn-cgi\/image\/width=850,quality=75,format=auto\/wp-content\/uploads\/2015\/02\/Franziska-und-Hannes-Jacobius-768x512.jpg 768w, https:\/\/canarycompany.com\/cdn-cgi\/image\/width=850,quality=75,format=auto\/wp-content\/uploads\/2015\/02\/Franziska-und-Hannes-Jacobius-180x120.jpg 180w\" sizes=\"(max-width: 500px) 100vw, 500px\" \/><\/p>\n","protected":false},"excerpt":{"rendered":"<p>Bienvenidos! Somos una empresa canaria, una familia viajera que ha decidido quedarse en La Palma. Hacemos todo lo posible para que te enamores de la isla &#8211; como nosotros lo hicimos una vez. Hola, somos Franzi y Hannes y vivimos en las Islas Canarias, en La Palma. Ambos nacimos, crecimos y pasamos nuestros a\u00f1os j\u00f3venes [&hellip;]<\/p>\n","protected":false},"author":1,"featured_media":0,"parent":0,"menu_order":0,"comment_status":"open","ping_status":"open","template":"page-about-us.php","meta":{"_acf_changed":false,"footnotes":""},"yst_prominent_words":[4634,4689,4687,4686,4697,4695,4688,4655,4701,4694,4703,4691,4702,4656,4699,4690,4696,4692,4698,4693],"acf":[],"_links":{"self":[{"href":"https:\/\/canarycompany.com\/es\/wp-json\/wp\/v2\/pages\/1200"}],"collection":[{"href":"https:\/\/canarycompany.com\/es\/wp-json\/wp\/v2\/pages"}],"about":[{"href":"https:\/\/canarycompany.com\/es\/wp-json\/wp\/v2\/types\/page"}],"author":[{"embeddable":true,"href":"https:\/\/canarycompany.com\/es\/wp-json\/wp\/v2\/users\/1"}],"replies":[{"embeddable":true,"href":"https:\/\/canarycompany.com\/es\/wp-json\/wp\/v2\/comments?post=1200"}],"version-history":[{"count":2,"href":"https:\/\/canarycompany.com\/es\/wp-json\/wp\/v2\/pages\/1200\/revisions"}],"predecessor-version":[{"id":63701,"href":"https:\/\/canarycompany.com\/es\/wp-json\/wp\/v2\/pages\/1200\/revisions\/63701"}],"wp:attachment":[{"href":"https:\/\/canarycompany.com\/es\/wp-json\/wp\/v2\/media?parent=1200"}],"wp:term":[{"taxonomy":"yst_prominent_words","embeddable":true,"href":"https:\/\/canarycompany.com\/es\/wp-json\/wp\/v2\/yst_prominent_words?post=1200"}],"curies":[{"name":"wp","href":"https:\/\/api.w.org\/{rel}","templated":true}]}}