{"id":746,"date":"2015-06-22T06:10:57","date_gmt":"2015-06-22T06:10:57","guid":{"rendered":"https:\/\/demo.canarycompany.com\/de\/?page_id=746"},"modified":"2025-07-07T00:17:57","modified_gmt":"2025-07-06T23:17:57","slug":"mietwagen","status":"publish","type":"page","link":"https:\/\/canarycompany.com\/de\/service\/mietwagen\/","title":{"rendered":"Mietwagen"},"content":{"rendered":"\n<h2 class=\"wp-block-heading\">Ihr Schl\u00fcssel zu Freiheit und Flexibilit\u00e4t<\/h2>\n\n\n\n<p>Ein Mietwagen auf den Kanaren ist mehr als nur praktisch &#8211; er ist oft unverzichtbar. Die Inseln bieten atemberaubende Landschaften, versteckte Str\u00e4nde, charmante D\u00f6rfer und beeindruckende Aussichtspunkte, die Sie am besten in Ihrem eigenen Tempo erkunden. Der \u00f6ffentliche Nahverkehr ist au\u00dferhalb der gr\u00f6\u00dferen Orte eingeschr\u00e4nkt, sodass ein Mietwagen Ihnen die Freiheit gibt, alles ohne Einschr\u00e4nkungen zu entdecken.<\/p>\n\n\n\n<p>Ob Sie die Vulkanlandschaften von <a href=\"https:\/\/canarycompany.com\/destination\/lanzarote\/\">Lanzarote<\/a> erkunden, entlang der dramatischen Klippen von <a href=\"https:\/\/canarycompany.com\/destination\/la-palma\/\">La Palma<\/a> fahren oder geheime Orte auf <a href=\"https:\/\/canarycompany.com\/destination\/fuerteventura\/\">Fuerteventura<\/a> entdecken m\u00f6chten &#8211; ein Mietwagen auf den Kanaren macht Ihren Urlaub flexibel und stressfrei.<\/p>\n\n\n\n<p>Wir helfen Ihnen gerne dabei, die passende Mietwagenl\u00f6sung f\u00fcr Ihre W\u00fcnsche und Ihr Budget zu finden. Vom kleinen, sparsamen Stadtauto bis hin zum ger\u00e4umigen SUV f\u00fcr Familienabenteuer.<\/p>\n\n\n\n<h2 class=\"wp-block-heading\">Warum einen Mietwagen auf den Kanaren buchen?<\/h2>\n\n\n\n<ul>\n<li>Entdecken Sie abgelegene Orte in Ihrem eigenen Tempo<\/li>\n\n\n\n<li>Genie\u00dfen Sie maximale Flexibilit\u00e4t bei der Tagesplanung<\/li>\n\n\n\n<li>Erreichen Sie Str\u00e4nde, Wanderwege und D\u00f6rfer, die mit \u00f6ffentlichen Verkehrsmitteln kaum zug\u00e4nglich sind<\/li>\n\n\n\n<li>Sparen Sie Zeit und vermeiden Sie unn\u00f6tiges Warten auf Busse oder Taxis<\/li>\n<\/ul>\n\n\n\n<p><a href=\"https:\/\/canarycompany.com\/de\/kontakt\/\">Kontaktieren Sie uns<\/a> &#8211; wir beraten Sie gerne pers\u00f6nlich!<\/p>\n\n\n<div align=\"center\"><iframe src=\"https:\/\/widget.cicar.com\/extranet.dll\/iframe?param0=DE&amp;param1=70L-696-0606\" width=\"820\" height=\"600\" frameborder=\"0\" marginwidth=\"3\" marginheight=\"0\" scrolling=\"auto\" align=\"center\"> <\/iframe><\/div>","protected":false},"excerpt":{"rendered":"<p>Ihr Schl\u00fcssel zu Freiheit und Flexibilit\u00e4t Ein Mietwagen auf den Kanaren ist mehr als nur praktisch &#8211; er ist oft unverzichtbar. Die Inseln bieten atemberaubende Landschaften, versteckte Str\u00e4nde, charmante D\u00f6rfer und beeindruckende Aussichtspunkte, die Sie am besten in Ihrem eigenen Tempo erkunden. Der \u00f6ffentliche Nahverkehr ist au\u00dferhalb der gr\u00f6\u00dferen Orte eingeschr\u00e4nkt, sodass ein Mietwagen Ihnen [&hellip;]<\/p>\n","protected":false},"author":1,"featured_media":0,"parent":632,"menu_order":0,"comment_status":"open","ping_status":"open","template":"","meta":{"_acf_changed":false,"footnotes":""},"yst_prominent_words":[4681,5310,7614,4931,4677,4680,4813,4684],"acf":[],"_links":{"self":[{"href":"https:\/\/canarycompany.com\/de\/wp-json\/wp\/v2\/pages\/746"}],"collection":[{"href":"https:\/\/canarycompany.com\/de\/wp-json\/wp\/v2\/pages"}],"about":[{"href":"https:\/\/canarycompany.com\/de\/wp-json\/wp\/v2\/types\/page"}],"author":[{"embeddable":true,"href":"https:\/\/canarycompany.com\/de\/wp-json\/wp\/v2\/users\/1"}],"replies":[{"embeddable":true,"href":"https:\/\/canarycompany.com\/de\/wp-json\/wp\/v2\/comments?post=746"}],"version-history":[{"count":2,"href":"https:\/\/canarycompany.com\/de\/wp-json\/wp\/v2\/pages\/746\/revisions"}],"predecessor-version":[{"id":62081,"href":"https:\/\/canarycompany.com\/de\/wp-json\/wp\/v2\/pages\/746\/revisions\/62081"}],"up":[{"embeddable":true,"href":"https:\/\/canarycompany.com\/de\/wp-json\/wp\/v2\/pages\/632"}],"wp:attachment":[{"href":"https:\/\/canarycompany.com\/de\/wp-json\/wp\/v2\/media?parent=746"}],"wp:term":[{"taxonomy":"yst_prominent_words","embeddable":true,"href":"https:\/\/canarycompany.com\/de\/wp-json\/wp\/v2\/yst_prominent_words?post=746"}],"curies":[{"name":"wp","href":"https:\/\/api.w.org\/{rel}","templated":true}]}}