{"id":636,"date":"2015-06-19T06:15:51","date_gmt":"2015-06-19T06:15:51","guid":{"rendered":"https:\/\/demo.canarycompany.com\/?page_id=636&#038;lang=de"},"modified":"2025-08-29T14:52:49","modified_gmt":"2025-08-29T13:52:49","slug":"kontakt","status":"publish","type":"page","link":"https:\/\/canarycompany.com\/de\/kontakt\/","title":{"rendered":"Kontakt"},"content":{"rendered":"\n<h2 class=\"wp-block-heading\">Melden Sie sich bei uns &#8211; Wir freuen uns auf Ihre Nachricht!<\/h2>\n\n\n\n<p>Hola! Wir sind Franzi und Hannes &#8211; die beiden Menschen hinter Canary Company. Wir leben und arbeiten auf der wundersch\u00f6nen Insel La Palma. Reisende aus aller Welt unterst\u00fctzen wir dabei, das perfekte Ferienhaus auf den Kanarischen Inseln zu finden.<\/p>\n\n\n\n<p>Tr\u00e4umen Sie von einem <a href=\"https:\/\/canarycompany.com\/de\/ferienhaeuser-la-palma\/\">gem\u00fctlichen Ferienhaus in den gr\u00fcnen Idylle von La Palma<\/a>, einer <a href=\"https:\/\/canarycompany.com\/de\/ferienhaeuser-lanzarote\/\">luxuri\u00f6sen Villa auf Lanzarote<\/a>? Vielleicht auch von einem <a href=\"https:\/\/canarycompany.com\/de\/ferienhaeuser-fuerteventura\/\">Strandhaus auf Fuerteventura<\/a>? Vielleicht auch von einem Strandhaus auf Fuerteventura? Wir helfen Ihnen gerne dabei, ein Zuhause auf Zeit zu finden.<\/p>\n\n\n\n<p>Wir kennen jedes unserer H\u00e4user pers\u00f6nlich und pflegen enge Kontakte zu den Gastgebern und Dienstleistern vor Ort. Ganz gleich, ob Sie einen romantischen R\u00fcckzugsort suchen, einen ruhigen Ort zum Arbeiten aus der Ferne oder einen entspannten Familienurlaub planen. Wir stehen Ihnen mit ehrlicher Beratung und echtem Inselwissen zur Seite.<\/p>\n\n\n\n<p>Nutzen Sie einfach unser Kontaktformular, schreiben Sie uns eine E-Mail oder sagen Sie einfach Hallo &#8211; wir freuen uns darauf, von Ihnen zu h\u00f6ren.<\/p>\n\n\n\n<p>Lassen Sie uns gemeinsam Ihre perfekte Zeit auf den Kanaren planen!<\/p>\n","protected":false},"excerpt":{"rendered":"<p>Melden Sie sich bei uns &#8211; Wir freuen uns auf Ihre Nachricht! Hola! Wir sind Franzi und Hannes &#8211; die beiden Menschen hinter Canary Company. Wir leben und arbeiten auf der wundersch\u00f6nen Insel La Palma. Reisende aus aller Welt unterst\u00fctzen wir dabei, das perfekte Ferienhaus auf den Kanarischen Inseln zu finden. Tr\u00e4umen Sie von einem [&hellip;]<\/p>\n","protected":false},"author":1,"featured_media":61132,"parent":0,"menu_order":4,"comment_status":"open","ping_status":"open","template":"page-contact.php","meta":{"_acf_changed":false,"footnotes":""},"yst_prominent_words":[5310,4655,5816],"acf":[],"_links":{"self":[{"href":"https:\/\/canarycompany.com\/de\/wp-json\/wp\/v2\/pages\/636"}],"collection":[{"href":"https:\/\/canarycompany.com\/de\/wp-json\/wp\/v2\/pages"}],"about":[{"href":"https:\/\/canarycompany.com\/de\/wp-json\/wp\/v2\/types\/page"}],"author":[{"embeddable":true,"href":"https:\/\/canarycompany.com\/de\/wp-json\/wp\/v2\/users\/1"}],"replies":[{"embeddable":true,"href":"https:\/\/canarycompany.com\/de\/wp-json\/wp\/v2\/comments?post=636"}],"version-history":[{"count":3,"href":"https:\/\/canarycompany.com\/de\/wp-json\/wp\/v2\/pages\/636\/revisions"}],"predecessor-version":[{"id":63819,"href":"https:\/\/canarycompany.com\/de\/wp-json\/wp\/v2\/pages\/636\/revisions\/63819"}],"wp:featuredmedia":[{"embeddable":true,"href":"https:\/\/canarycompany.com\/de\/wp-json\/wp\/v2\/media\/61132"}],"wp:attachment":[{"href":"https:\/\/canarycompany.com\/de\/wp-json\/wp\/v2\/media?parent=636"}],"wp:term":[{"taxonomy":"yst_prominent_words","embeddable":true,"href":"https:\/\/canarycompany.com\/de\/wp-json\/wp\/v2\/yst_prominent_words?post=636"}],"curies":[{"name":"wp","href":"https:\/\/api.w.org\/{rel}","templated":true}]}}