{"id":5356,"date":"2015-09-25T10:30:48","date_gmt":"2015-09-25T10:30:48","guid":{"rendered":"https:\/\/demo.canarycompany.com\/?page_id=5356"},"modified":"2019-12-04T15:14:39","modified_gmt":"2019-12-04T15:14:39","slug":"registrierungsbedingungen","status":"publish","type":"page","link":"https:\/\/canarycompany.com\/de\/registrierungsbedingungen\/","title":{"rendered":"Registrierungsbedingungen"},"content":{"rendered":"<p><strong>Einige Hinweise und Spielregeln zum Umgang mit Rezensionen und Blogkommentaren f\u00fcr registrierte Nutzer von CanaryCompany<\/strong><br \/>\nDas Registrieren auf unserer Webseite ist kostenfrei und steht allen Interessenten grunds\u00e4tzlich offen.<\/p>\n<p>Wir empfehlen eine maximale Beitragsl\u00e4nge von 500 W\u00f6rtern.<\/p>\n<p><strong>Wer kann Kundenrezensionen und Blogkommentare erstellen?<\/strong><\/p>\n<p>Jeder, der sich bei CanaryCompany registriert hat, kann Rezensionen und Blogkommentare erstellen.<\/p>\n<p>CanaryCompany \u00fcbernimmt keine Verantwortung f\u00fcr die Inhalte der durch die Nutzer verfassten Beitr\u00e4ge. Jeder Nutzer ist selbst daf\u00fcr verantwortlich, dass seine Beitr\u00e4ge nicht gegen g\u00fcltige Gesetze oder gegen Rechte Dritter versto\u00dfen.<\/p>\n<p><strong>CanaryCompany legt viel wert auf Ihre Meinung!<\/strong><\/p>\n<p><strong>Was enthalten sein sollte:<\/strong><\/p>\n<ul>\n<li>Ihre Hausrezension sollte sich auf ein bestimmtes (von Ihnen gebuchtes) Ferienhaus und Ihre wahrheitsgem\u00e4\u00dfen Erfahrungen mit demselbigen konzentrieren.<\/li>\n<\/ul>\n<ul>\n<li>Die besten Rezensionen geben nicht nur Auskunft dar\u00fcber, ob eine Urlaubsunterkunft gefallen oder missfallen hat, sondern nennen auch die Gr\u00fcnde daf\u00fcr. Sie k\u00f6nnen gerne andere Ferienunterk\u00fcnfte von CanaryCompany erw\u00e4hnen, die Ihrer Meinung nach dem besprochenen Ferienhaus \u00e4hneln, und sich dar\u00fcber \u00e4u\u00dfern, wie dieses im Vergleich zu den anderen abschneidet.<\/li>\n<\/ul>\n<p><strong>Was nicht enthalten sein sollte:<\/strong><\/p>\n<p>CanaryCompany freut sich, Ihnen diesen Zugang bereitzustellen, in dem Sie Ihre Meinung zu unseren Ferienunterk\u00fcnften \u00e4u\u00dfern k\u00f6nnen. Wir wissen es zu sch\u00e4tzen, dass Sie sich die Zeit f\u00fcr Hausrezensionen \/ Blogkommentare nehmen, m\u00f6chten Sie aber auffordern, &nbsp;in der Rezension \/ im Blogkommentar auf Folgendes zu verzichten:<\/p>\n<ul>\n<li>Meinungen von Personen oder Firmen, die ein kommerzielles Interesse daran haben, ihr eigenes Produkt oder Konkurrenzprodukte zu rezensieren oder von beauftragten Dritten rezensieren zu lassen (das schlie\u00dft Rezensionen von Drittanbietern ein, die das Objekt ebenfalls anbieten)<\/li>\n<li>Rezensionen, die aufgrund von finanziellen Verg\u00fctungen verfasst werden. Dazu geh\u00f6ren auch Rezensionen, die Teil eines kommerziellen Werbe- oder Marketingpakets sind.<\/li>\n<li>Material von anderen Personen. Hier kommt es auf Ihre eigenen Gedanken und Meinungen an.<\/li>\n<li>Zeitkritisches Material (z. B. Werbetouren, Seminare, Vortr\u00e4ge usw.).<\/li>\n<li>Kommentare zu anderen auf der Seite dargestellten Rezensionen. Andere Rezensionen und ihre Darstellung auf der Seite k\u00f6nnen ohne Ank\u00fcndigung ge\u00e4ndert werden.<\/li>\n<li>Obsz\u00f6nit\u00e4ten oder geh\u00e4ssige Bemerkungen.<\/li>\n<li>Beitr\u00e4ge mit rechtswidrigem Inhalt, das sind vor allem nicht jugendfreie, rassistische und volksverhetzende Beitr\u00e4ge, sowie Beitr\u00e4ge, die gegen das Urheberrecht versto\u00dfen. Dies f\u00fchrt zur sofortigen L\u00f6schung des Beitrages und zur Sperrung des Nutzers.<\/li>\n<li>Einwort-Kritiken, denn wir m\u00f6chten wissen, warum das Produkt Ihnen gefallen oder missfallen hat.<\/li>\n<li>Telefonnummern, E-Mail-Adressen, URLs.<\/li>\n<li>Werbung, Wasserzeichen in Videos oder Werbematerialien.<\/li>\n<li>Das Bitten um positive Kritiken oder Kommentare.<\/li>\n<\/ul>\n<p>Eine &nbsp;Hausrezension \/ ein Blogkommentar, welcher gegen diese Richtlinien verst\u00f6\u00dft, wird nicht ver\u00f6ffentlicht, bzw. gel\u00f6scht und der Nutzer wird gesperrt.<\/p>\n","protected":false},"excerpt":{"rendered":"<p>Einige Hinweise und Spielregeln zum Umgang mit Rezensionen und Blogkommentaren f\u00fcr registrierte Nutzer von CanaryCompany Das Registrieren auf unserer Webseite ist kostenfrei und steht allen Interessenten grunds\u00e4tzlich offen. Wir empfehlen eine maximale Beitragsl\u00e4nge von 500 W\u00f6rtern. Wer kann Kundenrezensionen und Blogkommentare erstellen? Jeder, der sich bei CanaryCompany registriert hat, kann Rezensionen und Blogkommentare erstellen. CanaryCompany [&hellip;]<\/p>\n","protected":false},"author":1,"featured_media":0,"parent":0,"menu_order":0,"comment_status":"closed","ping_status":"closed","template":"","meta":{"_acf_changed":false,"footnotes":""},"yst_prominent_words":[],"acf":[],"_links":{"self":[{"href":"https:\/\/canarycompany.com\/de\/wp-json\/wp\/v2\/pages\/5356"}],"collection":[{"href":"https:\/\/canarycompany.com\/de\/wp-json\/wp\/v2\/pages"}],"about":[{"href":"https:\/\/canarycompany.com\/de\/wp-json\/wp\/v2\/types\/page"}],"author":[{"embeddable":true,"href":"https:\/\/canarycompany.com\/de\/wp-json\/wp\/v2\/users\/1"}],"replies":[{"embeddable":true,"href":"https:\/\/canarycompany.com\/de\/wp-json\/wp\/v2\/comments?post=5356"}],"version-history":[{"count":0,"href":"https:\/\/canarycompany.com\/de\/wp-json\/wp\/v2\/pages\/5356\/revisions"}],"wp:attachment":[{"href":"https:\/\/canarycompany.com\/de\/wp-json\/wp\/v2\/media?parent=5356"}],"wp:term":[{"taxonomy":"yst_prominent_words","embeddable":true,"href":"https:\/\/canarycompany.com\/de\/wp-json\/wp\/v2\/yst_prominent_words?post=5356"}],"curies":[{"name":"wp","href":"https:\/\/api.w.org\/{rel}","templated":true}]}}