{"id":37341,"date":"2019-12-16T13:49:44","date_gmt":"2019-12-16T13:49:44","guid":{"rendered":"https:\/\/demo.canarycompany.com\/?page_id=37341"},"modified":"2023-07-20T23:08:57","modified_gmt":"2023-07-20T23:08:57","slug":"datenschutzerklaerung","status":"publish","type":"page","link":"https:\/\/canarycompany.com\/de\/datenschutzerklaerung\/","title":{"rendered":"Datenschutzerkl\u00e4rung"},"content":{"rendered":"\n<p>Version: 01.01.2020<\/p>\n\n\n\n<p>In dieser Datenschutzerkl\u00e4rung informieren\nwir ausf\u00fchrlich \u00fcber den Umgang mit Ihren Daten.<\/p>\n\n\n\n<p><strong>1. Gegenstand des Datenschutzes<\/strong><\/p>\n\n\n\n<p>Gegenstand des Datenschutzes sind\npersonenbezogene Daten. Daten sind personenbezogen, wenn sie einer\nidentifizierten oder identifizierbaren Person zugeordnet werden k\u00f6nnen.<\/p>\n\n\n\n<p><strong>2. Zugriffsdaten<\/strong><\/p>\n\n\n\n<p>Die Nutzung unserer Internetseite ist ohne\nAngaben personenbezogener Daten m\u00f6glich. Bei Aufruf der Internetseite wird\nautomatisiert ein Server Logfile gespeichert, dies enth\u00e4lt beispielsweise:\nbesuchte Internetseiten, Ihre IP-Adresse, Datum und Uhrzeit des Abrufs sowie\nder verwendete Browser und das Betriebssystem. Diese erhobenen Daten dienen\nlediglich der Sicherstellung eines reibungslosen Betriebs und Verbesserung der\nInternetseite.<\/p>\n\n\n\n<p><strong>3. Hosting<\/strong><\/p>\n\n\n\n<p>Im Rahmen einer Verarbeitung in unserem\nAuftrag erbringt ein Drittanbieter die Dienstleistung des Hostings und der\nDarstellung der Internetseite. Alle Daten, die im Rahmen der Nutzung dieser\nInternetseite oder der Formulare im Onlineshop erhoben werden, werden auf\ndiesen Servern verarbeitet. Eine Verarbeitung auf anderen Servern findet nur in\ndem hier erl\u00e4uterten Rahmen statt. Dieser Dienstleister sitzt innerhalb eines\nLandes der Europ\u00e4ischen Union.<\/p>\n\n\n\n<p><strong>4. Datenerhebung und -verwendung zur\nBuchungsabwicklung<\/strong><\/p>\n\n\n\n<p>Wir erheben personenbezogene Daten, wenn\nSie uns diese im Rahmen Ihrer Buchung, Kontaktaufnahme oder Registrierung eines\nKundenkontos mitteilen. Pflichtfelder werden als solche gekennzeichnet, da die\nDaten in diesen F\u00e4llen zwingend zur Abwicklung Ihrer Buchung, Bearbeitung Ihrer\nKontaktaufnahme bzw. Erstellung Ihres Kundenkontos erforderlich sind und Sie\nohne deren Angabe die Buchung nicht abschlie\u00dfen, die Kontaktaufnahme nicht\nversenden bzw. Ihr Kundenkonto nicht erstellen k\u00f6nnen. Welche Daten erhoben\nwerden, k\u00f6nnen Sie den entsprechenden Formularen zur Eingabe entnehmen. Wir\nverwenden die von Ihnen mitgeteilten Daten zur Abwicklung Ihrer Buchung und\nBearbeitung Ihrer Anfragen. Nach vollst\u00e4ndiger Abwicklung werden Ihre Daten f\u00fcr\ndie weitere Verarbeitung eingeschr\u00e4nkt und nach Ablauf etwaiger steuer- und\nhandelsrechtlichen Aufbewahrungsfristen gel\u00f6scht, sofern Sie nicht ausdr\u00fccklich\nin eine weitere Nutzung Ihrer Daten eingewilligt haben oder wir uns eine\ndar\u00fcber hinausgehende Datenverwendung vorbehalten, die gesetzlich erlaubt ist\nund \u00fcber die wir Sie in dieser Erkl\u00e4rung informieren. Die L\u00f6schung Ihres\nKundenkontos ist jederzeit m\u00f6glich und kann durch eine Email an&nbsp;<a href=\"&#109;&#x61;i&#x6c;t&#111;&#x3a;i&#x6e;f&#111;&#x40;c&#x61;n&#x61;&#x72;y&#x63;o&#x6d;p&#97;&#x6e;y&#x2e;c&#111;&#x6d;\">&#x69;&#110;f&#x6f;&#64;c&#x61;&#x6e;ar&#x79;&#99;o&#x6d;&#x70;an&#x79;&#46;c&#x6f;&#x6d;<\/a>&nbsp;erfolgen.<\/p>\n\n\n\n<p><strong>5. Datenweitergabe<\/strong><\/p>\n\n\n\n<p>Zur Erf\u00fcllung des Vertrages geben wir Ihre\nDaten, soweit dies erforderlich ist an den Eigent\u00fcmer beziehungsweise Verwalter\ndes gebuchten Ferienhauses weiter. Entsprechend des von Ihnen gew\u00e4hlten Zahlungsdienstleisters\nim Buchungsvorgang, geben wir zur Abwicklung von Zahlungen die hierf\u00fcr\nerhobenen Zahlungsdaten an das mit der Zahlung beauftragte Kreditinstitut und\ngegebenenfalls von uns beauftragte Zahlungsdienstleister weiter bzw. an den\nausgew\u00e4hlten Zahlungsdienst. In einigen F\u00e4llen erheben die ausgew\u00e4hlten\nZahlungsdienstleister diese Daten selbstst\u00e4ndig, soweit Sie dort ein Konto\nanlegen. In diesem Fall m\u00fcssen Sie sich im Buchungsvorgang mit Ihren\nZugangsdaten bei dem Zahlungsdienstleister anmelden. Es gilt insoweit die\nDatenschutzerkl\u00e4rung des jeweiligen Zahlungsdienstleisters.<\/p>\n\n\n\n<p><strong>6. Email Newsletter<\/strong><\/p>\n\n\n\n<p>Wenn Sie sich zu unserem Newsletter\nanmelden, verwenden wir die hierf\u00fcr erforderlichen oder gesondert von Ihnen\nmitgeteilten Daten, um Ihnen regelm\u00e4\u00dfig unseren Email Newsletter aufgrund Ihrer\nEinwilligung zuzusenden. Die Abmeldung vom Newsletter ist jederzeit m\u00f6glich und\nkann entweder durch eine Email an&nbsp;<a href=\"m&#x61;&#x69;l&#x74;&#x6f;:&#x69;&#x6e;f&#111;&#x40;c&#97;&#x6e;a&#114;&#x79;c&#111;&#x6d;pa&#x6e;&#x79;.&#x63;&#x6f;m\">&#x69;&#x6e;&#x66;&#x6f;&#x40;&#x63;&#x61;&#x6e;&#x61;&#x72;&#x79;&#x63;&#x6f;&#x6d;&#x70;&#x61;&#x6e;&#x79;&#x2e;&#x63;&#x6f;&#x6d;<\/a>&nbsp;oder \u00fcber einen daf\u00fcr vorgesehenen Link im\nNewsletter erfolgen. Nach Abmeldung l\u00f6schen wir Ihre Email Adresse, soweit Sie\nnicht ausdr\u00fccklich in eine weitere Nutzung Ihrer Daten eingewilligt haben oder\nwir uns eine dar\u00fcber hinausgehende Datenverwendung vorbehalten, die gesetzlich\nerlaubt ist und \u00fcber die wir Sie in dieser Erkl\u00e4rung informieren.<\/p>\n\n\n\n<p><strong>7. Cookies<\/strong><\/p>\n\n\n\n<p>Cookies sind kleine Textdateien, die automatisch auf Ihrem Endger\u00e4t gespeichert werden. Wir verwenden auf verschiedenen Seiten Cookies, um: den Besuch unserer Internetseite attraktiv zu gestalten, die Nutzung bestimmter Funktionen zu erm\u00f6glichen, passende Aktivit\u00e4ten, Erlebnisse und Gutschein anzuzeigen und Marktforschung zu betreiben.<br \/>Dies dient der Wahrung unserer im Rahmen einer Interessensabw\u00e4gung \u00fcberwiegenden berechtigten Interessen an einer optimierten Darstellung unseres Angebots.<br \/>Einige der von uns verwendeten Cookies werden nach Ende der Browser-Sitzung, also nach Schlie\u00dfen Ihres Browsers, wieder gel\u00f6scht (Sitzungs-Cookies). Andere Cookies verbleiben auf Ihrem Endger\u00e4t und erm\u00f6glichen uns, Ihren Browser beim n\u00e4chsten Besuch wiederzuerkennen (persistente Cookies). Die Dauer der Speicherung finden Sie in der \u00dcbersicht innerhalb der Cookie-Einstellungen Ihres Webbrowsers. Sie k\u00f6nnen Ihren Browser so einstellen, dass Sie \u00fcber das Setzen von Cookies informiert werden und einzeln \u00fcber deren Annahme entscheiden oder die Annahme von Cookies f\u00fcr bestimmte F\u00e4lle oder generell ausschlie\u00dfen. Jeder Browser unterscheidet sich in der Art, wie die Cookie-Einstellungen verwaltet werden. Im Hilfemen\u00fc Ihres Browsers finden Sie Informationen wie Sie Ihre Cookie-Einstellungen \u00e4ndern k\u00f6nnen. Diese finden Sie f\u00fcr die jeweiligen Browser unter den folgenden Links:<\/p>\n\n\n\n<p>Internet Explorer\u2122:&nbsp;<a rel=\"noreferrer noopener\" href=\"https:\/\/support.microsoft.com\/de-de\/help\/17442\/windows-internet-explorer-delete-manage-cookies\" target=\"_blank\">https:\/\/support.microsoft.com\/de-de\/help\/17442\/windows-internet-explorer-delete-manage-cookies<\/a><br \/>Safari\u2122:&nbsp;<a rel=\"noreferrer noopener\" href=\"https:\/\/support.apple.com\/de-de\/guide\/safari\/sfri11471\/mac\" target=\"_blank\">https:\/\/support.apple.com\/de-de\/guide\/safari\/sfri11471\/mac<\/a><br \/>Chrome\u2122:&nbsp;<a rel=\"noreferrer noopener\" href=\"https:\/\/support.google.com\/chrome\/answer\/95647?hl=de&amp;hlrm=en\" target=\"_blank\">https:\/\/support.google.com\/chrome\/answer\/95647?hl=de&amp;hlrm=en<\/a><br \/>Firefox\u2122&nbsp;<a rel=\"noreferrer noopener\" href=\"https:\/\/support.mozilla.org\/de\/kb\/cookies-erlauben-und-ablehnen\" target=\"_blank\">https:\/\/support.mozilla.org\/de\/kb\/cookies-erlauben-und-ablehnen<\/a><br \/>Opera\u2122 :&nbsp;<a rel=\"noreferrer noopener\" href=\"https:\/\/help.opera.com\/de\/latest\/web-preferences\/\" target=\"_blank\">https:\/\/help.opera.com\/de\/latest\/web-preferences\/<\/a><\/p>\n\n\n\n<p>Die Nichtannahme von Cookies kann zu\nEinschr\u00e4nkungen der Funktionalit\u00e4t unserer Internetseite f\u00fchren.<\/p>\n\n\n\n<p><strong>8. Google Tools<\/strong><\/p>\n\n\n\n<p>Die Google LLC (1600 Amphitheatre Parkway,\nMountain View, CA 94043, USA) ist zertifiziert unter dem EU-US-Privacy Shield.\nEin aktuelles Zertifikat kann&nbsp;<a href=\"https:\/\/www.privacyshield.gov\/list\" target=\"_blank\" rel=\"noreferrer noopener\">hier<\/a>&nbsp;eingesehen\nwerden. Aufgrund dieses Abkommens zwischen den USA und der Europ\u00e4ischen\nKommission hat letztere f\u00fcr unter dem Privacy Shield zertifizierte Unternehmen\nein angemessenes Datenschutzniveau festgestellt. Weitergehende Informationen\n\u00fcber die Datenverarbeitung durch Google finden Sie unter&nbsp;<a href=\"https:\/\/policies.google.com\/privacy\" target=\"_blank\" rel=\"noreferrer noopener\">https:\/\/policies.google.com\/privacy<\/a>.<\/p>\n\n\n\n<p>Google Analytics<br \/>Zur Webseitenanalyse setzt diese Internetseite Google Analytics ein, einen Webanalysedienst der Google LLC. Dies dient der Wahrung unserer im Rahmen einer Interessensabw\u00e4gung \u00fcberwiegenden berechtigten Interessen an einer optimierten Darstellung unseres Angebots. Google Analytics verwendet Methoden, wie beispielsweise Cookies, die eine Analyse der Benutzung der Internetseite durch Sie erm\u00f6glichen. Die automatisch erhobenen Informationen \u00fcber Ihre Nutzung dieser Internetseite werden in der Regel an einen Server von Google in den USA \u00fcbertragen und dort gespeichert. Durch die Aktivierung der IP-Anonymisierung auf dieser Internetseite wird dabei die IP-Adresse vor der \u00dcbermittlung innerhalb der Mitgliedstaaten der Europ\u00e4ischen Union oder in anderen Vertragsstaaten des Abkommens \u00fcber den Europ\u00e4ischen Wirtschaftsraum gek\u00fcrzt. Nur in Ausnahmef\u00e4llen wird die vollst\u00e4ndige IP-Adresse an einen Server von Google in den USA \u00fcbertragen und dort gek\u00fcrzt. Die im Rahmen von Google Analytics von Ihrem Browser \u00fcbermittelte anonymisierte IP-Adresse wird grunds\u00e4tzlich nicht mit anderen Daten von Google zusammengef\u00fchrt. Nach Zweckfortfall und Ende des Einsatzes von Google Analytics durch uns werden die in diesem Zusammenhang erhobenen Daten gel\u00f6scht.<br \/>Sie k\u00f6nnen die Erfassung der durch das Cookie erzeugten und auf Ihre Nutzung der Internetseite bezogenen Daten an Google sowie die Verarbeitung dieser Daten durch Google verhindern, indem sie das unter dem folgenden Link verf\u00fcgbare Browser-Plugin herunterladen und installieren:&nbsp;<a rel=\"noreferrer noopener\" href=\"https:\/\/tools.google.com\/dlpage\/gaoptout?hl=de\" target=\"_blank\">https:\/\/tools.google.com\/dlpage\/gaoptout?hl=de<\/a><\/p>\n\n\n\n<p>Google AdWords Remarketing<br \/>\u00dcber Google AdWords werben wir f\u00fcr diese Internetseite in den Google Suchergebnissen sowie auf Internetseiten Dritter. Hierf\u00fcr wird bei Besuch unserer Internetseite das Remarketing Cookie von Google gesetzt, das automatisch mittels einer pseudonymen Cookie-ID und auf Grundlage der von Ihnen besuchten Seiten eine interessenbasierte Werbung erm\u00f6glicht. Dies dient der Wahrung unserer im Rahmen einer Interessensabw\u00e4gung \u00fcberwiegenden berechtigten Interessen an einer optimalen Vermarktung unserer Webseite gem\u00e4\u00df. Nach Zweckfortfall und Ende des Einsatzes von Google AdWords Remarketing durch uns werden die in diesem Zusammenhang erhobenen Daten gel\u00f6scht.<br \/>Eine dar\u00fcber hinausgehende Datenverarbeitung findet nur statt, sofern Sie gegen\u00fcber Google zugestimmt haben, dass Ihr Web- und App-Browserverlauf von Google mit ihrem Google-Konto verkn\u00fcpft wird und Informationen aus Ihrem Google-Konto zum Personalisieren von Anzeigen verwendet werden, die sie im Web sehen. Sind Sie in diesem Fall w\u00e4hrend des Seitenbesuchs unserer Internetseite bei Google angemeldet, verwendet Google Ihre Daten zusammen mit Google Analytics-Daten, um Zielgruppenlisten f\u00fcr ger\u00e4te\u00fcbergreifendes Remarketing zu erstellen und zu definieren. Dazu werden Ihre personenbezogenen Daten von Google vor\u00fcbergehend mit Google Analytics-Daten verkn\u00fcpft, um Zielgruppen zu bilden.<br \/>Sie k\u00f6nnen das Remarketing-Cookie \u00fcber&nbsp;<a rel=\"noreferrer noopener\" href=\"https:\/\/adssettings.google.com\/authenticated?hl=de\" target=\"_blank\">diesen Link<\/a>&nbsp;deaktivieren. Daneben k\u00f6nnen Sie sich bei der&nbsp;<a rel=\"noreferrer noopener\" href=\"https:\/\/www.aboutads.info\/\" target=\"_blank\">Digital Advertising Alliance<\/a>&nbsp;\u00fcber das Setzen von Cookies informieren und Einstellungen hierzu vornehmen.<\/p>\n\n\n\n<p>Google Maps<br \/>Zur visuellen Darstellung von geographischen Informationen verwendet diese Internetseite Google Maps. Bei der Verwendung von Google Maps werden von Google Daten \u00fcber die Nutzung der Maps Funktionen durch Internetseitenbesucher \u00fcbermittelt bzw. verarbeitet, wozu insbesondere die IP-Adresse sowie Standortdaten geh\u00f6ren k\u00f6nnen. Wir haben keinen Einfluss auf diese Datenverarbeitung. Um den Service von Google Maps zu deaktivieren und damit die Daten\u00fcbermittlung an Google zu verhindern, m\u00fcssen Sie die Java-Script-Funktion in Ihrem Browser deaktivieren. In diesem Fall kann Google Maps nicht bzw. nur eingeschr\u00e4nkt genutzt werden. Die Nutzungsbedingungen f\u00fcr&nbsp;<a rel=\"noreferrer noopener\" href=\"http:\/\/www.google.com\/intl\/de_de\/help\/terms_maps.html\" target=\"_blank\">Google Maps<\/a>&nbsp;beinhalten detaillierte Informationen zum Kartendienst.<\/p>\n\n\n\n<p>Google reCAPTCHA<br \/>Zur Erkennung von Bots, zum Schutz vor Spam und Missbrauch unserer Web-Formulare verwendet diese Internetseite im Rahmen einiger Formulare den Google reCAPTCHA. Die automatisch erhobenen Informationen \u00fcber Ihre Nutzung dieser Internetseite einschlie\u00dflich Ihrer IP-Adresse k\u00f6nnen an einen Server von Google in den USA \u00fcbertragen und dort gespeichert werden. Sie k\u00f6nnen die Erfassung der erzeugten und auf Ihre Nutzung der Internetseite bezogenen Daten an Google sowie die Verarbeitung dieser Daten durch Google verhindern, indem Sie in Ihren Browser-Einstellungen die Ausf\u00fchrung von Java-Scripten oder das Setzen von Cookies unterbinden. Bitte beachten Sie, dass dies die Funktionalit\u00e4t unserer Internetseite f\u00fcr Ihre Nutzung einschr\u00e4nken kann.<\/p>\n\n\n\n<p>Google Fonts<br \/>Diese Internetseite verwendet zur einheitlichen Darstellung der Inhalte \u201eGoogle Fonts\u201c (Schriftarten). In diesem Rahmen wird eine Verbindung zwischen dem von Ihnen verwendeten Browser und den Servern von Google hergestellt. Hierdurch erlangt Google Kenntnis dar\u00fcber, dass unsere Internetseite \u00fcber Ihre IP-Adresse aufgerufen wurde.<\/p>\n\n\n\n<p><strong>9. Soziale Netzwerke<\/strong><\/p>\n\n\n\n<p>Unsere Internetseite enth\u00e4lt Links zu sozialen Netzwerken (Facebook, Instagram, Twitter, Google+, Pinterest). Diese sozialen Netzwerke werden ausschlie\u00dflich von Dritten betrieben. Wenn Sie den Links folgen, k\u00f6nnen Ihre Daten f\u00fcr Marktforschungs- und Werbezwecke automatisch erhoben und gespeichert werden. Aus diesen Daten werden unter Verwendung von Pseudonymen Nutzungsprofile erstellt. Diese k\u00f6nnen verwendet werden, um beispielsweise personalisierte Werbeanzeigen innerhalb und au\u00dferhalb der Plattformen zu schalten. Zu diesem Zweck werden in der Regel Cookies auf Ihrem Endger\u00e4t eingesetzt. In diesen Cookies werden das Besucherverhalten und die Interessen der Nutzer gespeichert. Dies dient der Wahrung unserer im Rahmen einer Interessensabw\u00e4gung \u00fcberwiegenden berechtigten Interessen an einer optimierten Darstellung unseres Angebots und effektiver Kommunikation mit den Kunden und Interessenten.<br \/>Facebook ist unter dem Privacy-Shield-Abkommen zertifiziert und bietet hierdurch eine Garantie, das europ\u00e4ische Datenschutzrecht einzuhalten.<br \/> Die detaillierten Informationen zur Verarbeitung und Nutzung der Daten durch die Anbieter auf deren Seiten sowie eine Kontaktm\u00f6glichkeit und Ihre diesbez\u00fcglichen Rechte und Einstellungsm\u00f6glichkeiten zum Schutz Ihrer Privatsph\u00e4re, insbesondere Widerspruchsm\u00f6glichkeiten (Opt-Out), entnehmen Sie bitte den unten verlinkten Datenschutzhinweisen der Anbieter. Sollten Sie diesbez\u00fcglich dennoch Hilfe ben\u00f6tigen, k\u00f6nnen Sie sich an uns wenden.<\/p>\n\n\n\n<p>Facebook:&nbsp;<a rel=\"noreferrer noopener\" href=\"https:\/\/www.facebook.com\/about\/privacy\/\" target=\"_blank\">https:\/\/www.facebook.com\/about\/privacy\/<\/a><br \/>Die Datenverarbeitung erfolgt auf Grundlage einer Vereinbarung zwischen gemeinsam Verantwortlichen, die Sie hier einsehen k\u00f6nnen:<br \/> <a rel=\"noreferrer noopener\" href=\"https:\/\/www.facebook.com\/legal\/terms\/page_controller_addendum\" target=\"_blank\">https:\/\/www.facebook.com\/legal\/terms\/page_controller_addendum<\/a><\/p>\n\n\n\n<p>Instagram:&nbsp;<a href=\"https:\/\/help.instagram.com\/519522125107875\" target=\"_blank\" rel=\"noreferrer noopener\">https:\/\/help.instagram.com\/519522125107875<\/a><\/p>\n\n\n\n<p>Twitter: <a href=\"https:\/\/twitter.com\/de\/privacy\">https:\/\/twitter.com\/de\/privacy<\/a><\/p>\n\n\n\n<p>Pinterest: <a href=\"https:\/\/policy.pinterest.com\/en\/privacy-policy\">https:\/\/policy.pinterest.com\/en\/privacy-policy<\/a><\/p>\n\n\n\n<p>Widerspruchsm\u00f6glichkeit (Opt-Out):<br \/>Facebook:&nbsp;<a rel=\"noreferrer noopener\" href=\"https:\/\/www.facebook.com\/settings?tab=ads\" target=\"_blank\">https:\/\/www.facebook.com\/settings?tab=ads<\/a><br \/>Instagram:&nbsp;<a rel=\"noreferrer noopener\" href=\"https:\/\/help.instagram.com\/519522125107875\" target=\"_blank\">https:\/\/help.instagram.com\/519522125107875<\/a><\/p>\n\n\n\n<p><strong>10. Versand von Buchungserinnerung und Bewertungserinnerungen\nper Email<\/strong><\/p>\n\n\n\n<p>Wir verwenden Ihre Email Adresse zur\nErinnerung Ihrer Buchung und zur Abgabe einer Bewertung Ihres gebuchten Ferienhauses\n\u00fcber das von uns eingesetzte Bewertungssystem.<\/p>\n\n\n\n<p><strong>11. Kontaktm\u00f6glichkeiten und Ihre Rechte<\/strong><\/p>\n\n\n\n<p>Als Betroffener haben Sie folgende Rechte:<\/p>\n\n\n\n<p>a. gem\u00e4\u00df Art. 15 DSGVO das Recht, in dem\ndort bezeichneten Umfang Auskunft \u00fcber Ihre von uns verarbeiteten\npersonenbezogenen Daten zu verlangen;<br \/>\nb. gem\u00e4\u00df Art. 16 DSGVO das Recht, unverz\u00fcglich die Berichtigung unrichtiger\noder Vervollst\u00e4ndigung Ihrer bei uns gespeicherten personenbezogenen Daten zu\nverlangen;<br \/>\nc. gem\u00e4\u00df Art. 17 DSGVO das Recht, die L\u00f6schung Ihrer bei uns gespeicherten\npersonenbezogenen Daten zu verlangen, soweit nicht die weitere Verarbeitung<\/p>\n\n\n\n<ul><li>zur Aus\u00fcbung des Rechts auf freie Meinungs\u00e4u\u00dferung und Information;<\/li><li>zur Erf\u00fcllung einer rechtlichen Verpflichtung;<\/li><li>aus Gr\u00fcnden des \u00f6ffentlichen Interesses oder<\/li><li>zur Geltendmachung, Aus\u00fcbung oder Verteidigung von Rechtsanspr\u00fcchen erforderlich ist;<\/li><\/ul>\n\n\n\n<p>d. gem\u00e4\u00df Art. 18 DSGVO das Recht, die\nEinschr\u00e4nkung der Verarbeitung Ihrer personenbezogenen Daten zu verlangen,\nsoweit<\/p>\n\n\n\n<ul><li>die Richtigkeit der Daten von Ihnen bestritten wird;<\/li><li>die Verarbeitung unrechtm\u00e4\u00dfig ist, Sie aber deren L\u00f6schung ablehnen;<\/li><li>wir die Daten nicht mehr ben\u00f6tigen, Sie diese jedoch zur Geltendmachung, Aus\u00fcbung oder Verteidigung von Rechtsanspr\u00fcchen ben\u00f6tigen oder<\/li><li>Sie gem\u00e4\u00df Art. 21 DSGVO Widerspruch gegen die Verarbeitung eingelegt haben;<\/li><\/ul>\n\n\n\n<p>e. gem\u00e4\u00df Art. 20 DSGVO das Recht, Ihre personenbezogenen Daten, die Sie uns bereitgestellt haben, in einem strukturierten, g\u00e4ngigen und maschinenlesebaren Format zu erhalten oder die \u00dcbermittlung an einen anderen Verantwortlichen zu verlangen;<br \/>f. gem\u00e4\u00df Art. 77 DSGVO das Recht, sich bei einer Aufsichtsbeh\u00f6rde zu beschweren. In der Regel k\u00f6nnen Sie sich hierf\u00fcr an die Aufsichtsbeh\u00f6rde Ihres \u00fcblichen Aufenthaltsortes oder Arbeitsplatzes oder unseres Unternehmenssitzes wenden.<\/p>\n\n\n\n<p>Diese Rechte sind k\u00fcrzlich auch im\nnationalen spanischen Recht verankert worden, durch die Ley de Protecci\u00f3n de\nDatos 3\/2018, de 5 de diciembre de 2018, dessen Vorschriften ebenfalls zur\nAnwendung kommen.<\/p>\n\n\n\n<p>Bei Fragen zur Erhebung, Verarbeitung oder\nNutzung Ihrer personenbezogenen Daten, bei Ausk\u00fcnften, Berichtigung,\nEinschr\u00e4nkung oder L\u00f6schung von Daten sowie Widerruf erteilter Einwilligungen\noder Widerspruch gegen eine bestimmte Datenverwendung wenden Sie sich bitte\ndirekt an:<\/p>\n\n\n\n<p>Verantwortlicher f\u00fcr die Datenverarbeitung:<br \/>Hannes Maximilian Jacobius<br \/>Barranco San Vicente, Pista Quintero 42 A<br \/>38700 Santa Cruz de La Palma<br \/>NIF: Y4878276J<br \/>I-0004575.1<br \/><a href=\"&#x6d;a&#x69;l&#x74;&#111;&#x3a;&#x69;n&#x66;o&#x40;&#99;&#x61;&#110;a&#x72;y&#x63;&#111;&#x6d;&#112;a&#x6e;y&#x2e;c&#x6f;&#109;\">&#x69;&#x6e;&#x66;&#x6f;&#64;&#99;anary&#x63;&#x6f;&#x6d;&#x70;&#x61;&#110;y.com<\/a><\/p>\n\n\n\n<p>Widerspruchsrecht<\/p>\n\n\n\n<p>Soweit wir zur Wahrung unserer im Rahmen einer Interessensabw\u00e4gung \u00fcberwiegenden berechtigten Interessen personenbezogene Daten wie oben erl\u00e4utert verarbeiten, k\u00f6nnen Sie dieser Verarbeitung mit Wirkung f\u00fcr die Zukunft widersprechen. Erfolgt die Verarbeitung zu Zwecken des Direktmarketings, k\u00f6nnen Sie dieses Recht jederzeit wie oben beschrieben aus\u00fcben. Soweit die Verarbeitung zu anderen Zwecken erfolgt, steht Ihnen ein Widerspruchsrecht nur bei Vorliegen von Gr\u00fcnden, die sich aus Ihrer besonderen Situation ergeben, zu.<br \/>Nach Aus\u00fcbung Ihres Widerspruchsrechts werden wir Ihre personenbezogenen Daten nicht weiter zu diesen Zwecken verarbeiten, es sei denn, wir k\u00f6nnen zwingende schutzw\u00fcrdige Gr\u00fcnde f\u00fcr die Verarbeitung nachweisen, die Ihre Interessen, Rechte und Freiheiten \u00fcberwiegen, oder wenn die Verarbeitung der Geltendmachung, Aus\u00fcbung oder Verteidigung von Rechtsanspr\u00fcchen dient.<br \/>Dies gilt nicht, wenn die Verarbeitung zu Zwecken des Direktmarketings erfolgt. Dann werden wir Ihre personenbezogenen Daten nicht weiter zu diesem Zweck verarbeiten.<\/p>\n\n\n\n<p><a href=\"https:\/\/shop.trustedshops.com\/de\/rechtstexte\/\" target=\"_blank\" rel=\"noreferrer noopener\">Datenschutzerkl\u00e4rung<\/a>&nbsp;erstellt mit\ndem&nbsp;<a href=\"https:\/\/shop.trustedshops.com\/de\/\" target=\"_blank\" rel=\"noreferrer noopener\">Trusted Shops<\/a>&nbsp;Rechtstexter\nin Kooperation mit&nbsp;<a href=\"http:\/\/www.wbs-law.de\/\" target=\"_blank\" rel=\"noreferrer noopener\">Wilde Beuger Solmecke Rechtsanw\u00e4lte<\/a><\/p>\n","protected":false},"excerpt":{"rendered":"<p>Version: 01.01.2020 In dieser Datenschutzerkl\u00e4rung informieren wir ausf\u00fchrlich \u00fcber den Umgang mit Ihren Daten. 1. Gegenstand des Datenschutzes Gegenstand des Datenschutzes sind personenbezogene Daten. Daten sind personenbezogen, wenn sie einer identifizierten oder identifizierbaren Person zugeordnet werden k\u00f6nnen. 2. Zugriffsdaten Die Nutzung unserer Internetseite ist ohne Angaben personenbezogener Daten m\u00f6glich. Bei Aufruf der Internetseite wird automatisiert [&hellip;]<\/p>\n","protected":false},"author":526,"featured_media":0,"parent":0,"menu_order":0,"comment_status":"closed","ping_status":"closed","template":"","meta":{"_acf_changed":false,"footnotes":""},"yst_prominent_words":[],"acf":[],"_links":{"self":[{"href":"https:\/\/canarycompany.com\/de\/wp-json\/wp\/v2\/pages\/37341"}],"collection":[{"href":"https:\/\/canarycompany.com\/de\/wp-json\/wp\/v2\/pages"}],"about":[{"href":"https:\/\/canarycompany.com\/de\/wp-json\/wp\/v2\/types\/page"}],"author":[{"embeddable":true,"href":"https:\/\/canarycompany.com\/de\/wp-json\/wp\/v2\/users\/526"}],"replies":[{"embeddable":true,"href":"https:\/\/canarycompany.com\/de\/wp-json\/wp\/v2\/comments?post=37341"}],"version-history":[{"count":0,"href":"https:\/\/canarycompany.com\/de\/wp-json\/wp\/v2\/pages\/37341\/revisions"}],"wp:attachment":[{"href":"https:\/\/canarycompany.com\/de\/wp-json\/wp\/v2\/media?parent=37341"}],"wp:term":[{"taxonomy":"yst_prominent_words","embeddable":true,"href":"https:\/\/canarycompany.com\/de\/wp-json\/wp\/v2\/yst_prominent_words?post=37341"}],"curies":[{"name":"wp","href":"https:\/\/api.w.org\/{rel}","templated":true}]}}