{"id":25476,"date":"2016-12-29T13:25:31","date_gmt":"2016-12-29T13:25:31","guid":{"rendered":"https:\/\/demo.canarycompany.com\/?page_id=25476\/"},"modified":"2025-07-05T10:07:44","modified_gmt":"2025-07-05T09:07:44","slug":"fluege","status":"publish","type":"page","link":"https:\/\/canarycompany.com\/de\/fluege\/","title":{"rendered":"Wie kommt man nach La Palma?"},"content":{"rendered":"\n<p>Wie kommt man nach La Palma? Diese Frage stellen sich viele Urlauber aus Deutschland, die die faszinierende Natur, das milde Klima und die Ruhe der gr\u00fcnen Kanareninsel genie\u00dfen m\u00f6chten. Zwar ist der Flughafen von La Palma nicht so hoch frequentiert wie von Teneriffa oder Gran Canaria &#8211; dennoch gibt es mehrere bequeme M\u00f6glichkeiten, von Deutschland aus auf die Insel zu reisen.<\/p>\n\n\n\n<p>In diesem Artikel zeigen wir Ihnen die wichtigsten Anreisewege &#8211; ob per Direktflug, \u00fcber die Nachbarinseln mit dem Inselhopper oder der F\u00e4hre, oder mit Zwischenstopp in Madrid.<\/p>\n\n\n\n<h2 class=\"wp-block-heading\">Direktfl\u00fcge von Deutschland nach La Palma<\/h2>\n\n\n\n<p>Die einfachste und schnellste Variante ist ein Direktflug von Deutschland nach La Palma (Flughafen: SPC). Besonders in der Hochsaison &#8211; etwa von Oktober bis April &#8211; bieten mehrere Fluggesellschaften Nonstop-Fl\u00fcge an, unter anderem:<\/p>\n\n\n\n<p><a href=\"https:\/\/www.condor.com\/de\" target=\"_blank\" rel=\"noreferrer noopener\">Condor<\/a> (z.\u202fB. ab Frankfurt oder D\u00fcsseldorf)<\/p>\n\n\n\n<p><a href=\"https:\/\/www.eurowings.com\/de.html\" target=\"_blank\" rel=\"noreferrer noopener\">Eurowings<\/a> (z.\u202fB. ab K\u00f6ln\/Bonn, Stuttgart oder Hamburg)<\/p>\n\n\n\n<p><a href=\"https:\/\/www.easyjet.com\/de\" target=\"_blank\" rel=\"noreferrer noopener\">EasyJet<\/a> (ab Berlin)<\/p>\n\n\n\n<p>Diese Direktverbindungen finden meist ein- bis zweimal pro Woche statt &#8211; oft am Wochenende. Wer flexibel ist und fr\u00fch bucht, kann hier bequem und ohne Umsteigen anreisen.<\/p>\n\n\n\n<h2 class=\"wp-block-heading\">\u00dcber Teneriffa oder Gran Canaria<\/h2>\n\n\n\n<p>Falls kein Direktflug verf\u00fcgbar ist &#8211; oder wenn Sie Ihre Reise mit einem kurzen Aufenthalt auf einer anderen Kanareninsel kombinieren m\u00f6chten &#8211; bietet sich die Anreise \u00fcber Teneriffa oder Gran Canaria an.<\/p>\n\n\n\n<p><strong><em>Mit dem Inselhopper weiter nach La Palma<\/em><\/strong><\/p>\n\n\n\n<p>Sowohl Teneriffa S\u00fcd (TFS) als auch Gran Canaria (LPA) werden mehrmals t\u00e4glich von zahlreichen deutschen Flugh\u00e4fen angeflogen.<\/p>\n\n\n\n<p>Von dort aus k\u00f6nnen Sie bequem mit einer der regionalen Airlines wie <a href=\"https:\/\/www.bintercanarias.com\/en\" target=\"_blank\" rel=\"noreferrer noopener\">Binter Canarias<\/a> oder <a href=\"https:\/\/www.canaryfly.es\/eng\" data-type=\"link\" data-id=\"https:\/\/www.canaryfly.es\/eng\" target=\"_blank\" rel=\"noreferrer noopener\">CanaryFly<\/a> nach La Palma weiterfliegen. Diese Fl\u00fcge dauern nur 30 bis 40 Minuten und sind gut getaktet &#8211; oft mit mehreren Verbindungen pro Tag.<\/p>\n\n\n\n<p>Der Umstieg ist in der Regel unkompliziert.<\/p>\n\n\n\n<p><strong><em>Mit der Schnellf\u00e4hre von Teneriffa<\/em><\/strong><\/p>\n\n\n\n<p>Eine Alternative zum Weiterflug ist die F\u00e4hrverbindung von Teneriffa nach La Palma. Vom Hafen Los Cristianos im S\u00fcden Teneriffas f\u00e4hrt mehrmals t\u00e4glich eine Schnellf\u00e4hre von <a href=\"https:\/\/www.fredolsen.es\/en\" target=\"_blank\" rel=\"noreferrer noopener\">Fred Olsen Express<\/a> nach Santa Cruz de La Palma. Die \u00dcberfahrt dauert etwa 2,5 bis 3 Stunden.<\/p>\n\n\n\n<p>Diese Option eignet sich besonders, wenn Sie auf Teneriffa Urlaub machen oder mit einem Mietwagen unterwegs sind &#8211; denn auf der F\u00e4hre k\u00f6nnen Sie auch Fahrzeuge transportieren.<\/p>\n\n\n\n<h2 class=\"wp-block-heading\">Anreise \u00fcber Madrid &#8211; mit t\u00e4glichen Inlandsfl\u00fcgen<\/h2>\n\n\n\n<p>Eine weitere bequeme M\u00f6glichkeit ist die Anreise \u00fcber Madrid (MAD). Wenn Sie aus einer Stadt fliegen, die keine Direktverbindung nach La Palma anbietet, kann sich diese Route besonders lohnen.<\/p>\n\n\n\n<p><a href=\"https:\/\/www.iberia.com\/de\/\" target=\"_blank\" rel=\"noreferrer noopener\">Iberia<\/a> bietet t\u00e4glich Direktfl\u00fcge von Madrid nach La Palma an. Die Flugzeit betr\u00e4gt etwa 2 Stunden und 45 Minuten. In Kombination mit einem Zubringerflug ab z.\u202fB. Berlin, Hamburg, M\u00fcnchen, Frankfurt oder Stuttgart erreichen Sie La Palma ohne Probleme &#8211; insbesondere bei fr\u00fch gebuchten Kombitickets mit durchgehender Verbindung.<\/p>\n\n\n\n<p>Dank der hohen Frequenz ist Madrid eine flexible und gut planbare Alternative, auch f\u00fcr kurzfristige Reisen.<\/p>\n\n\n\n<h2 class=\"wp-block-heading\">Fazit: Wie kommt man nach La Palma?<\/h2>\n\n\n\n<p>Zusammenfassend l\u00e4sst sich sagen: Es gibt mehrere gute Antworten auf die Frage \u201eWie kommt man nach La Palma?\u201c. Sie haben die Wahl zwischen:<\/p>\n\n\n\n<ul>\n<li>Direktfl\u00fcgen, besonders in der Wintersaison<\/li>\n\n\n\n<li>Umsteigen auf Teneriffa oder Gran Canaria, mit Weiterflug oder F\u00e4hre<\/li>\n\n\n\n<li>T\u00e4glichen Verbindungen \u00fcber Madrid, f\u00fcr maximale Flexibilit\u00e4t<\/li>\n<\/ul>\n\n\n\n<p>Mit ein wenig Planung finden Sie sicher die passende Verbindung f\u00fcr Ihre Reise. La Palma wartet auf Sie &#8211; mit spektakul\u00e4ren Landschaften, Vulkanen, Lorbeerw\u00e4ldern und einer Ruhe, die auf vielen anderen Kanarischen Inseln l\u00e4ngst selten geworden ist.<\/p>\n\n\n\n<p>Tipp: Sobald Sie Ihre Anreise gekl\u00e4rt haben, lohnt sich ein Blick auf unsere liebevoll ausgew\u00e4hlten <a href=\"https:\/\/canarycompany.com\/de\/ferienhaeuser-la-palma\/\">Ferienh\u00e4user auf La Palma<\/a> &#8211; perfekt f\u00fcr erholsame Tage inmitten der Natur!<\/p>\n","protected":false},"excerpt":{"rendered":"<p>Wie kommt man nach La Palma? Diese Frage stellen sich viele Urlauber aus Deutschland, die die faszinierende Natur, das milde Klima und die Ruhe der gr\u00fcnen Kanareninsel genie\u00dfen m\u00f6chten. Zwar ist der Flughafen von La Palma nicht so hoch frequentiert wie von Teneriffa oder Gran Canaria &#8211; dennoch gibt es mehrere bequeme M\u00f6glichkeiten, von Deutschland [&hellip;]<\/p>\n","protected":false},"author":1,"featured_media":44034,"parent":0,"menu_order":0,"comment_status":"closed","ping_status":"closed","template":"","meta":{"_acf_changed":false,"footnotes":""},"yst_prominent_words":[5613,4655,6621,6603],"acf":[],"_links":{"self":[{"href":"https:\/\/canarycompany.com\/de\/wp-json\/wp\/v2\/pages\/25476"}],"collection":[{"href":"https:\/\/canarycompany.com\/de\/wp-json\/wp\/v2\/pages"}],"about":[{"href":"https:\/\/canarycompany.com\/de\/wp-json\/wp\/v2\/types\/page"}],"author":[{"embeddable":true,"href":"https:\/\/canarycompany.com\/de\/wp-json\/wp\/v2\/users\/1"}],"replies":[{"embeddable":true,"href":"https:\/\/canarycompany.com\/de\/wp-json\/wp\/v2\/comments?post=25476"}],"version-history":[{"count":2,"href":"https:\/\/canarycompany.com\/de\/wp-json\/wp\/v2\/pages\/25476\/revisions"}],"predecessor-version":[{"id":62046,"href":"https:\/\/canarycompany.com\/de\/wp-json\/wp\/v2\/pages\/25476\/revisions\/62046"}],"wp:featuredmedia":[{"embeddable":true,"href":"https:\/\/canarycompany.com\/de\/wp-json\/wp\/v2\/media\/44034"}],"wp:attachment":[{"href":"https:\/\/canarycompany.com\/de\/wp-json\/wp\/v2\/media?parent=25476"}],"wp:term":[{"taxonomy":"yst_prominent_words","embeddable":true,"href":"https:\/\/canarycompany.com\/de\/wp-json\/wp\/v2\/yst_prominent_words?post=25476"}],"curies":[{"name":"wp","href":"https:\/\/api.w.org\/{rel}","templated":true}]}}