{"id":1350,"date":"2015-08-13T09:16:50","date_gmt":"2015-08-13T09:16:50","guid":{"rendered":"https:\/\/demo.canarycompany.com\/de\/?page_id=1350"},"modified":"2023-07-20T23:13:13","modified_gmt":"2023-07-20T23:13:13","slug":"impressum","status":"publish","type":"page","link":"https:\/\/canarycompany.com\/de\/impressum\/","title":{"rendered":"Impressum"},"content":{"rendered":"<p style=\"text-align: left;\"><strong>Anschrift: <\/strong><br \/>\nCanaryCompany<br \/>\nHannes Maximilian Jacobius<br \/>\nNIF: Y4878276J<br \/>\nI-0004575.1<br \/>\nBarranco San Vicente, Pista Quintero 42 A<br \/>\n38700 Santa Cruz de La Palma<br \/>\nSpanien<\/p>\n<p><strong>Kontakt<\/strong><br \/>\nEmail: &#x69;&#x6e;&#x66;&#x6f;&#x40;&#x63;&#x61;&#x6e;&#x61;&#x72;&#x79;&#x63;&#x6f;&#x6d;&#x70;&#x61;&#x6e;&#x79;&#x2e;&#x63;&#x6f;&#x6d;<br \/>\nTelefon: +34 633 427 967<\/p>\n<p><strong>Idee, Fotos, Fotobearbeitung Repliken, <\/strong><strong>Konzept, Redaktion, Design\/Layout:<\/strong><br \/>\n<a href=\"http:\/\/my-hexagon.com\/\">http:\/\/my-hexagon.com\/<\/a><\/p>\n<p><strong>Entwurf Titel\/Startseite:<\/strong><br \/>\n<a href=\"http:\/\/my-hexagon.com\/\">http:\/\/my-hexagon.com\/<\/a><\/p>\n<p><strong>Nutzungsrechte:<\/strong><br \/>\nAlle Rechte vorbehalten. Die Urheberrechte dieser Web-Site liegen vollst\u00e4ndig bei Hannes Maximilian Jacobius. An allen Web-Seiten inklusive Layout, Quelltext, Software und deren Inhalte besitzt Hannes Maximilian Jacobius das Urheberrecht und sonstige Schutzrechte. Bildmotive d\u00fcrfen nicht f\u00fcr gesch\u00e4ftliche Zwecke genutzt werden.Wenn Sie Bilder der Web-site f\u00fcr private Zwecke verwenden wollen, wenden sie sich bitte an den Webmaster: &#105;n&#x66;o&#x40;c&#x61;n&#x61;r&#x79;c&#x6f;&#109;&#x70;&#97;n&#121;.&#x63;o&#x6d;. Grafische Ver\u00e4nderungen sind nicht gestattet. Urheberrechtshinweise und Markenbezeichnungen d\u00fcrfen weder ver\u00e4ndert noch beseitigt werden.<\/p>\n<p>S\u00e4mtliche hier zur Verf\u00fcgung gestellten Inhalte d\u00fcrfen nur zu privaten Zwecken verwendet werden. Diese Seiten und Dokumente d\u00fcrfen nicht kommerziell verwertet werden. Jeder Text, jede Kopie und jedes Bild muss diesen Urheberrechtsnachweis enthalten.<\/p>\n<p>Das Einrichten eines Hyperlinks von anderen Webseiten auf eine der zu diesem Online-Angebot geh\u00f6renden Webseiten, ist einzig mit der Zustimmung des Webmasters gestattet. Insbesondere ist es unzul\u00e4ssig, die zu diesem Online-Angebot geh\u00f6renden Webseiten oder deren Inhalte mittels eines Hyperlinks in einem Teilfenster anderer Online-Angebote einzubinden oder darzustellen.<\/p>\n<p><strong>Haftungshinweise:<\/strong><br \/>\nTrotz sorgf\u00e4ltiger inhaltlicher Kontrolle wird keine Haftung f\u00fcr die Inhalte externer Links \u00fcbernommen. F\u00fcr den Inhalt der verlinkten Seiten sind ausschlie\u00dflich deren Betreiber verantwortlich. Es wird keine Haftung f\u00fcr die Aktualit\u00e4t, die inhaltliche Richtigkeit sowie f\u00fcr die Vollst\u00e4ndigkeit der im Webangebot eingestellten Informationen \u00fcbernommen. Dies bezieht sich auf eventuelle Sch\u00e4den materieller oder ideeller Art Dritter, die durch die Nutzung dieses Webangebotes verursacht wurden.<\/p>\n","protected":false},"excerpt":{"rendered":"<p>Anschrift: CanaryCompany Hannes Maximilian Jacobius NIF: Y4878276J I-0004575.1 Barranco San Vicente, Pista Quintero 42 A 38700 Santa Cruz de La Palma Spanien Kontakt Email: info&#64;&#99;&#97;&#x6e;&#x61;&#x72;&#x79;&#x63;&#x6f;&#x6d;pany.&#99;&#111;&#109; Telefon: +34 633 427 967 Idee, Fotos, Fotobearbeitung Repliken, Konzept, Redaktion, Design\/Layout: http:\/\/my-hexagon.com\/ Entwurf Titel\/Startseite: http:\/\/my-hexagon.com\/ Nutzungsrechte: Alle Rechte vorbehalten. Die Urheberrechte dieser Web-Site liegen vollst\u00e4ndig bei Hannes Maximilian Jacobius. [&hellip;]<\/p>\n","protected":false},"author":1,"featured_media":0,"parent":0,"menu_order":0,"comment_status":"open","ping_status":"open","template":"","meta":{"_acf_changed":false,"footnotes":""},"yst_prominent_words":[4740,4734,4730,4741,4742,4739,4738,4749,4748,4737,4732,4750,4735,4736,4731,4728,4743,4733,4729,4727],"acf":[],"_links":{"self":[{"href":"https:\/\/canarycompany.com\/de\/wp-json\/wp\/v2\/pages\/1350"}],"collection":[{"href":"https:\/\/canarycompany.com\/de\/wp-json\/wp\/v2\/pages"}],"about":[{"href":"https:\/\/canarycompany.com\/de\/wp-json\/wp\/v2\/types\/page"}],"author":[{"embeddable":true,"href":"https:\/\/canarycompany.com\/de\/wp-json\/wp\/v2\/users\/1"}],"replies":[{"embeddable":true,"href":"https:\/\/canarycompany.com\/de\/wp-json\/wp\/v2\/comments?post=1350"}],"version-history":[{"count":0,"href":"https:\/\/canarycompany.com\/de\/wp-json\/wp\/v2\/pages\/1350\/revisions"}],"wp:attachment":[{"href":"https:\/\/canarycompany.com\/de\/wp-json\/wp\/v2\/media?parent=1350"}],"wp:term":[{"taxonomy":"yst_prominent_words","embeddable":true,"href":"https:\/\/canarycompany.com\/de\/wp-json\/wp\/v2\/yst_prominent_words?post=1350"}],"curies":[{"name":"wp","href":"https:\/\/api.w.org\/{rel}","templated":true}]}}