{"id":1342,"date":"2015-08-13T09:14:42","date_gmt":"2015-08-13T09:14:42","guid":{"rendered":"https:\/\/demo.canarycompany.com\/de\/?page_id=1342"},"modified":"2023-07-20T23:12:21","modified_gmt":"2023-07-20T23:12:21","slug":"agb","status":"publish","type":"page","link":"https:\/\/canarycompany.com\/de\/agb\/","title":{"rendered":"Allgemeine Gesch\u00e4ftsbedingungen"},"content":{"rendered":"<p><strong>1. Mietvertrag \/ Buchungsbest\u00e4tigung<\/strong><\/p>\n<p>Sie erhalten von CanaryCompany eine schriftliche Best\u00e4tigung per Email, dass Ihr Mietobjekt im gew\u00fcnschten Zeitraum noch verf\u00fcgbar ist. Diese so genannte Vorreservierung gilt f\u00fcr maximal 3 Tage. Innerhalb dieser 3 Tage wird die Vorreservierung durch Sie best\u00e4tigt oder storniert. Die Stornierung der Vorreservierung ist mit keinerlei Kosten verbunden.<\/p>\n<p>Im Falle einer Buchungsbest\u00e4tigung Ihrerseits erhalten Sie von CanaryCompany einen Mietvertrag \/ Buchungsbest\u00e4tigung.<\/p>\n<p>Nach Zusendung des Mietvertrages \/ Buchungsbest\u00e4tigung wird sofort eine Anzahlung (nicht erstattbar) von 10 % &#8211; 50 % des Reisepreises f\u00e4llig. Die H\u00f6he der Anzahlung h\u00e4ngt von der Zahlungspolitik der verschiedenen Ferienh\u00e4user ab.<\/p>\n<p>Mit Entrichtung der Anzahlung erkennen Sie diese Allgemeinen Gesch\u00e4ftsbedingungen an und der Mietvertrag \/ Buchungsbest\u00e4tigung wird rechtskr\u00e4ftig.<\/p>\n<p>Der Restbetrag wird entweder bar bei Ankunft oder bis sp\u00e4testens 4 Wochen vor Anreise per Bank\u00fcberweisung bezahlt. 100 % des Mietpreises k\u00f6nnen bei Last-Minute-Buchungen nach Zusendung der Buchungsbest\u00e4tigung f\u00e4llig werden (Anreise innerhalb der n\u00e4chsten 4 Wochen nach Buchungsbest\u00e4tigung).<\/p>\n<p>ERST NACH EINGANG DER ANZAHLUNG WIRD DIE BUCHUNG G\u00dcLTIG!<\/p>\n<p>Der Mietvertrag gilt nur f\u00fcr die im Vertrag genannte Personenanzahl. Weitere Personen k\u00f6nnen problemlos nachgemeldet werden. In jedem Falle wird eine Nachgeb\u00fchr entsprechend der tats\u00e4chlichen Personenanzahl erhoben. CanaryCompany beh\u00e4lt sich eine Stornierung der Buchung vor, sollte die Anzahlung nicht innerhalb der angegebenen Fristen beglichen werden.<\/p>\n<p><strong>2. Art der Leistung<\/strong><\/p>\n<p>Die Leistung von CanaryCompany besteht im Angebot, der Pr\u00e4sentation und der Vermittlung der durch CanaryCompany angebotenen Mietobjekte.<br \/>\nAlle Mietobjekte werden von CanaryCompany pers\u00f6nlich besucht und ausgesucht. Bei der durch CanaryCompany angebotenen Vermittlung handelt es sich um eine Fremdleistung. Verantwortlich f\u00fcr die Erf\u00fcllung der Vertragsleistung ist der jeweilige Hausbesitzer \/ Verwalter des Mietobjektes.<\/p>\n<p><strong>3. Haftung und Fristen f\u00fcr Reklamationen<\/strong><\/p>\n<p>CanaryCompany haftet im Rahmen der Sorgfaltspflicht f\u00fcr die sorgf\u00e4ltige Auswahl und Internetpr\u00e4sentation in Wort und Bild der Mietobjekte nach eigener Kenntnis und den Angaben der Eigent\u00fcmer oder Verwalter. Der Mieter ist aufgefordert eventuelle M\u00e4ngel am Mietobjekt bis sp\u00e4testens innerhalb von 24 Stunden dem Eigent\u00fcmer\/Verwalter oder an CanaryCompany zu melden, damit diese unverz\u00fcglich behoben werden k\u00f6nnen. Nachtr\u00e4gliche Reklamationen k\u00f6nnen nicht ber\u00fccksichtigt werden! Der Mieter obliegt einer Sorgfaltspflicht.<br \/>\nF\u00fcr die Kosten durch mutwillig oder fahrl\u00e4ssig entstandene Sch\u00e4den am Mietobjekt muss der Mieter in vollem Umfang aufkommen. In vielen Gegenden der Kanarischen Inseln sowie am Meer im Allgemeinen kann es in angemieteten Unterk\u00fcnften &#8222;tierische Mitbewohner&#8220; geben, die den G\u00e4sten, wenn Sie aus Mitteleuropa stammen, oft unbekannt bzw. gew\u00f6hnungsbed\u00fcrftig sind. Wir k\u00f6nnen keinen Mangel anerkennen, wenn ein pl\u00f6tzlicher Befall auftritt. Das gilt f\u00fcr Spinnen, Ameisen, Geckos, Fliegen, Kakerlaken (vor allem direkt am Meer) und f\u00fcr die uns nur auf La Palma und El Hierro bekannten Drahtw\u00fcrmer (Bichos Negros).<\/p>\n<p><strong>4. Stornierung \/ R\u00fccktritt- und Umbuchungsvereinbarungen<\/strong><\/p>\n<p>Im Falle einer Stornierung werden folgende Geb\u00fchren erhoben: bis 60 Tage vor Reisebeginn 20 % des Restbetrages, 59 bis 30 Tage vor Reisebeginn 40 % des Restbetrages, 29 bis 8 Tage vor Reisebeginn 80 % des Restbetrages. Danach, am Reisetag oder bei nicht Erscheinen 100 % des Restbetrages. Eine Erstattung der geleisteten Anzahlung ist nicht m\u00f6glich. Die Stornierung muss schriftlich erfolgen; es gilt das Eingangsdatum. CanaryCompany empfiehlt Abschluss einer Reiser\u00fccktrittsversicherung!!!<br \/>\nDer Mieter ist berechtigt eine Ersatzperson im Falle einer Stornierung zu benennen, die den bestehenden Mietvertrag zu den vereinbarten Konditionen \u00fcbernimmt. Eine \u00c4nderung der Reisedauer oder des Mietobjektes kann nur durch Stornierung des Mietvertrages und einer entsprechenden Neuanmeldung vorgenommen werden. Es gelten die vorab genannten Geb\u00fchren. Last-Minute-Buchungen oder Buchungen zu Sonderpreisen k\u00f6nnen nicht storniert oder umgebucht werden.<br \/>\nF\u00fcr jede Umbuchung, Stornierung oder Vertrags\u00e4nderung wird grunds\u00e4tzlich eine Bearbeitungsgeb\u00fchr von 50,00 \u20ac berechnet.<\/p>\n<p><strong>5. Erf\u00fcllungsort und Gerichtsstand<\/strong><\/p>\n<p>Schadensersatzanspr\u00fcche sind direkt an den jeweiligen Eigent\u00fcmer\/Verwalter zu richten, Erf\u00fcllungsort und Gerichtstand ist entsprechend der Wohnort des Eigent\u00fcmers \/ Verwalters des gebuchten Mietobjektes.<\/p>\n","protected":false},"excerpt":{"rendered":"<p>1. Mietvertrag \/ Buchungsbest\u00e4tigung Sie erhalten von CanaryCompany eine schriftliche Best\u00e4tigung per Email, dass Ihr Mietobjekt im gew\u00fcnschten Zeitraum noch verf\u00fcgbar ist. Diese so genannte Vorreservierung gilt f\u00fcr maximal 3 Tage. Innerhalb dieser 3 Tage wird die Vorreservierung durch Sie best\u00e4tigt oder storniert. Die Stornierung der Vorreservierung ist mit keinerlei Kosten verbunden. Im Falle einer [&hellip;]<\/p>\n","protected":false},"author":1,"featured_media":0,"parent":0,"menu_order":0,"comment_status":"open","ping_status":"open","template":"","meta":{"_acf_changed":false,"footnotes":""},"yst_prominent_words":[4815,4801,4798,4807,4803,4816,4812,4677,4802,4809,4804,4739,4808,4800,4799,4811,4805,4813,4806,6994],"acf":[],"_links":{"self":[{"href":"https:\/\/canarycompany.com\/de\/wp-json\/wp\/v2\/pages\/1342"}],"collection":[{"href":"https:\/\/canarycompany.com\/de\/wp-json\/wp\/v2\/pages"}],"about":[{"href":"https:\/\/canarycompany.com\/de\/wp-json\/wp\/v2\/types\/page"}],"author":[{"embeddable":true,"href":"https:\/\/canarycompany.com\/de\/wp-json\/wp\/v2\/users\/1"}],"replies":[{"embeddable":true,"href":"https:\/\/canarycompany.com\/de\/wp-json\/wp\/v2\/comments?post=1342"}],"version-history":[{"count":0,"href":"https:\/\/canarycompany.com\/de\/wp-json\/wp\/v2\/pages\/1342\/revisions"}],"wp:attachment":[{"href":"https:\/\/canarycompany.com\/de\/wp-json\/wp\/v2\/media?parent=1342"}],"wp:term":[{"taxonomy":"yst_prominent_words","embeddable":true,"href":"https:\/\/canarycompany.com\/de\/wp-json\/wp\/v2\/yst_prominent_words?post=1342"}],"curies":[{"name":"wp","href":"https:\/\/api.w.org\/{rel}","templated":true}]}}